{"id":2825,"date":"2025-11-26T10:48:20","date_gmt":"2025-11-26T10:48:20","guid":{"rendered":"https:\/\/straitly.legal\/data-protection\/"},"modified":"2025-12-17T14:56:02","modified_gmt":"2025-12-17T14:56:02","slug":"data-protection","status":"publish","type":"page","link":"https:\/\/straitly.legal\/en\/data-protection\/","title":{"rendered":"Data protection"},"content":{"rendered":"<p>[et_pb_section fb_built=&#8221;1&#8243; _builder_version=&#8221;4.27.4&#8243; _module_preset=&#8221;default&#8221; background_image=&#8221;https:\/\/straitly.legal\/wp-content\/uploads\/2025\/11\/sl-header-Kontakt-A-1920&#215;640-1.jpg&#8221; height=&#8221;550px&#8221; height_tablet=&#8221;540px&#8221; height_phone=&#8221;360px&#8221; height_last_edited=&#8221;on|phone&#8221; custom_padding=&#8221;0px||0px||false|false&#8221; da_disable_devices=&#8221;off|off|off&#8221; locked=&#8221;off&#8221; global_colors_info=&#8221;{}&#8221; da_is_popup=&#8221;off&#8221; da_exit_intent=&#8221;off&#8221; da_has_close=&#8221;on&#8221; da_alt_close=&#8221;off&#8221; da_dark_close=&#8221;off&#8221; da_not_modal=&#8221;on&#8221; da_is_singular=&#8221;off&#8221; da_with_loader=&#8221;off&#8221; da_has_shadow=&#8221;on&#8221;][et_pb_row _builder_version=&#8221;4.27.4&#8243; _module_preset=&#8221;default&#8221; height=&#8221;550px&#8221; custom_margin=&#8221;0px||0px||false|false&#8221; custom_padding=&#8221;||||false|false&#8221; global_colors_info=&#8221;{}&#8221;][et_pb_column type=&#8221;4_4&#8243; _builder_version=&#8221;4.27.4&#8243; _module_preset=&#8221;default&#8221; global_colors_info=&#8221;{}&#8221;][et_pb_image src=&#8221;https:\/\/straitly.legal\/wp-content\/uploads\/2025\/11\/sl-icon-I-500-W-2.png&#8221; title_text=&#8221;sl-icon-I-500-W-2&#8243; _builder_version=&#8221;4.27.4&#8243; _module_preset=&#8221;default&#8221; width=&#8221;500px&#8221; width_tablet=&#8221;80%&#8221; width_phone=&#8221;100%&#8221; width_last_edited=&#8221;on|phone&#8221; max_width=&#8221;100%&#8221; module_alignment=&#8221;center&#8221; custom_margin=&#8221;20px||20px||true|false&#8221; custom_padding=&#8221;||||false|false&#8221; global_colors_info=&#8221;{}&#8221;][\/et_pb_image][\/et_pb_column][\/et_pb_row][\/et_pb_section][et_pb_section fb_built=&#8221;1&#8243; admin_label=&#8221;Section&#8221; module_id=&#8221;mission&#8221; _builder_version=&#8221;4.27.4&#8243; _module_preset=&#8221;default&#8221; custom_padding=&#8221;100px||100px||true|false&#8221; da_popup_slug=&#8221;mission&#8221; da_disable_devices=&#8221;off|off|off&#8221; locked=&#8221;off&#8221; global_colors_info=&#8221;{}&#8221; da_is_popup=&#8221;off&#8221; da_exit_intent=&#8221;off&#8221; da_has_close=&#8221;on&#8221; da_alt_close=&#8221;off&#8221; da_dark_close=&#8221;off&#8221; da_not_modal=&#8221;on&#8221; da_is_singular=&#8221;off&#8221; da_with_loader=&#8221;off&#8221; da_has_shadow=&#8221;on&#8221;][et_pb_row _builder_version=&#8221;4.27.4&#8243; _module_preset=&#8221;default&#8221; width_tablet=&#8221;&#8221; width_phone=&#8221;&#8221; width_last_edited=&#8221;on|phone&#8221; custom_margin_tablet=&#8221;&#8221; custom_margin_phone=&#8221;&#8221; custom_margin_last_edited=&#8221;on|phone&#8221; custom_padding=&#8221;0px||||false|false&#8221; global_colors_info=&#8221;{}&#8221;][et_pb_column type=&#8221;4_4&#8243; _builder_version=&#8221;4.27.4&#8243; _module_preset=&#8221;default&#8221; global_colors_info=&#8221;{}&#8221;][et_pb_heading title=&#8221;Data protection declaration&#8221; module_class=&#8221;silbentrennung&#8221; _builder_version=&#8221;4.27.4&#8243; _module_preset=&#8221;default&#8221; title_font=&#8221;|700|||||||&#8221; title_font_size=&#8221;60px&#8221; animation_style=&#8221;slide&#8221; animation_direction=&#8221;bottom&#8221; title_font_size_tablet=&#8221;45px&#8221; title_font_size_phone=&#8221;35px&#8221; title_font_size_last_edited=&#8221;on|tablet&#8221; global_colors_info=&#8221;{}&#8221;][\/et_pb_heading][\/et_pb_column][\/et_pb_row][et_pb_row _builder_version=&#8221;4.27.4&#8243; _module_preset=&#8221;default&#8221; width_tablet=&#8221;&#8221; width_phone=&#8221;&#8221; width_last_edited=&#8221;on|phone&#8221; custom_margin=&#8221;|auto|-1px|auto||&#8221; custom_padding=&#8221;25px||||false|false&#8221; global_colors_info=&#8221;{}&#8221;][et_pb_column type=&#8221;4_4&#8243; _builder_version=&#8221;4.27.4&#8243; _module_preset=&#8221;default&#8221; global_colors_info=&#8221;{}&#8221;][et_pb_text _builder_version=&#8221;4.27.4&#8243; _module_preset=&#8221;default&#8221; ul_line_height=&#8221;1.8em&#8221; text_font_size_tablet=&#8221;18px&#8221; text_font_size_phone=&#8221;17px&#8221; text_font_size_last_edited=&#8221;on|tablet&#8221; text_line_height_tablet=&#8221;1.6em&#8221; text_line_height_phone=&#8221;1.5em&#8221; text_line_height_last_edited=&#8221;on|phone&#8221; ul_line_height_tablet=&#8221;1.6em&#8221; ul_line_height_phone=&#8221;1.5em&#8221; ul_line_height_last_edited=&#8221;on|phone&#8221; global_colors_info=&#8221;{}&#8221;]<\/p>\n<p>Data protection information pursuant to Art. 13, 14 GDPR and \u00a7 2 (2) lit. d, \u00a7 5 BORA<br \/>This data protection information informs you about the processing of personal data when you visit our website www.straitly.legal.  <\/p>\n<p><strong>1. Responsible party<\/strong><\/p>\n<p><strong>straitly.legal<\/strong><br \/>Pascal Brinkmann<br \/>Mendelssohnstra\u00dfe 28<br \/>40233 D\u00fcsseldorf<br \/>Germany<br \/><a href=\"mailto:brinkmann@straitly.legal\" target=\"_blank\" rel=\"noopener\">brinkmann@straitly.legal<\/a><\/p>\n<p>Pascal Brinkmann is responsible for the processing of personal data in connection with this website.<\/p>\n<p><strong>2. Hosting &amp; server log files<\/strong><\/p>\n<p>Our website is hosted within the EU\/EEA. When you visit the website, the following data is automatically processed: <\/p>\n<ul>\n<li>IP address (anonymised, as far as technically possible)<\/li>\n<li>Date and time of access<\/li>\n<li>Pages visited<\/li>\n<li>Browsertyp und -version<\/li>\n<li>Operating system<\/li>\n<li>Referrer-URL<\/li>\n<\/ul>\n<p>This data is technically necessary for the operation of the website (Art. 6 (1) (f) GDPR) and is deleted as soon as it is no longer required.<\/p>\n<p><strong>3. SSL\/TLS encryption<\/strong><\/p>\n<p>Our website is provided in encrypted form via HTTPS (SSL\/TLS). Encryption serves to protect the data transmitted and corresponds to the current state of the art. <\/p>\n<p><strong>4. Local integration of fonts and icons<\/strong><\/p>\n<p>All fonts (Google Fonts) and icons used on this website are stored locally on our ser-ver. There is no external retrieval from Google or other third-party providers and therefore no transfer of personal data to third parties or third countries. <\/p>\n<p><strong>5. Use of WordPress and plugins<\/strong><\/p>\n<p>We use WordPress (theme: Divi) and the following plugins:<\/p>\n<ul>\n<li>SliderRevolution<\/li>\n<li>WPML<\/li>\n<li>UpdraftPlus<\/li>\n<li>Click to Contact \u2013 Float Buttons<\/li>\n<li>Divi Carousel Lite<\/li>\n<li>Divi Torque<\/li>\n<li>Popups for Divi<\/li>\n<li>Safe SVG<\/li>\n<li>Supreme Modules Lite<\/li>\n<li>Yoast Duplicate Post<\/li>\n<li>Yoast SEO<\/li>\n<li>OMGF<\/li>\n<\/ul>\n<p>Insofar as plugins set technically necessary cookies (e.g. for the functionality of but-tons or pop-ups), this is done on the basis of Art. 6 para. 1 lit. f GDPR. No tracking or marketing cookies are used.   <\/p>\n<p><strong>6. Appointment calendar (Zeeg)<\/strong><\/p>\n<p>We use an embedded booking button from Zeeg for appointment scheduling. When the button is activated or the widget is opened, a connection to Zeeg is established. <\/p>\n<p><strong>Provider:<\/strong> Zeeg GmbH<br \/><strong>Processed data:<\/strong> IP address, technical browser data<br \/><strong>Legal basis:<\/strong> Art. 6 (1) (b) or (f) GDPR   <\/p>\n<p>When an appointment is booked, the data entered by you is processed by Zeeg GmbH on our behalf as our data processor.<\/p>\n<p><strong>7. LinkedIn link<\/strong><\/p>\n<p>Our website contains a simple external link to Pascal Brinkmann&#8217;s LinkedIn profile. No social plugin is used. Data is only transferred to LinkedIn when you actively click on the link.  <\/p>\n<p><strong>8. Contact<\/strong><\/p>\n<p>If you contact us by email or telephone, we will process your personal data in order to deal with your enquiry. Processing is carried out on the basis of Art. 6 para. 1 lit. b or lit. f GDPR.    <\/p>\n<p><strong>9. Rights of data subjects<\/strong><\/p>\n<p>You have the following rights:<\/p>\n<ul>\n<li>Information (Art. 15 GDPR)<\/li>\n<li>Rectification (Art. 16 GDPR)<\/li>\n<li>Erasure (Art. 17 GDPR)<\/li>\n<li>Restriction (Art. 18 GDPR)<\/li>\n<li>Data portability (Art. 20 GDPR)<\/li>\n<li>Objection (Art. 21 GDPR)<\/li>\n<\/ul>\n<p>Please send any enquiries to: <a href=\"mailto:brinkmann@straitly.legal\" target=\"_blank\" rel=\"noopener\">brinkmann@straitly.legal<\/a><\/p>\n<p><strong>10. Processors<\/strong><\/p>\n<p>We work with carefully selected service providers, including:<\/p>\n<ul>\n<li>Host Europe GmbH \u2013 hosting provider (EU\/EEA)<\/li>\n<li>z.B. Werbeagentur GmbH \u2013 maintenance and design of the website<\/li>\n<li>Zeeg GmbH \u2013 appointment bookings<\/li>\n<\/ul>\n<p>All service providers act on the basis of Art. 28 GDPR.<\/p>\n<p><strong>11. Storage and deletion<\/strong><\/p>\n<p>Personal data will only be stored for as long as is necessary for the respective purpo-ses or as long as there are legal retention obligations.<\/p>\n<p><strong>12. Updating this privacy policy<\/strong><\/p>\n<p>This policy will be updated as necessary to reflect legal changes or changes to our services.<\/p>\n<p>[\/et_pb_text][\/et_pb_column][\/et_pb_row][\/et_pb_section]<\/p>\n","protected":false},"excerpt":{"rendered":"<p>Data protection information pursuant to Art. 13, 14 GDPR and \u00a7 2 (2) lit. d, \u00a7 5 BORAThis data protection information informs you about the processing of personal data when you visit our website www.straitly.legal. 1. Responsible party straitly.legalPascal BrinkmannMendelssohnstra\u00dfe 2840233 D\u00fcsseldorfGermanybrinkmann@straitly.legal Pascal Brinkmann is responsible for the processing of personal data in connection with [&hellip;]<\/p>\n","protected":false},"author":1,"featured_media":0,"parent":0,"menu_order":0,"comment_status":"closed","ping_status":"closed","template":"","meta":{"_et_pb_use_builder":"on","_et_pb_old_content":"","_et_gb_content_width":"","footnotes":""},"class_list":["post-2825","page","type-page","status-publish","hentry"],"yoast_head":"<!-- This site is optimized with the Yoast SEO plugin v26.6 - https:\/\/yoast.com\/wordpress\/plugins\/seo\/ -->\n<title>Data protection - straitly.legal \u2013 Deutsche Kanzlei f\u00fcr Gesellschaftsrecht, Arbeitsrecht &amp; Immigration in ASEAN<\/title>\n<meta name=\"description\" content=\"traitly.legal ber\u00e4t deutsche und europ\u00e4ische Unternehmen bei Investitionen in Malaysia, Singapur, Thailand und S\u00fcdostasien \u2013 sowie asiatische Firmen beim Markteintritt in Deutschland. Gesellschaftsrecht, Arbeitsrecht, Immigration &amp; Compliance.\" \/>\n<meta name=\"robots\" content=\"index, follow, max-snippet:-1, max-image-preview:large, max-video-preview:-1\" \/>\n<link rel=\"canonical\" href=\"https:\/\/straitly.legal\/en\/data-protection\/\" \/>\n<meta property=\"og:locale\" content=\"en_US\" \/>\n<meta property=\"og:type\" content=\"article\" \/>\n<meta property=\"og:title\" content=\"Data protection - straitly.legal \u2013 Deutsche Kanzlei f\u00fcr Gesellschaftsrecht, Arbeitsrecht &amp; Immigration in ASEAN\" \/>\n<meta property=\"og:description\" content=\"traitly.legal ber\u00e4t deutsche und europ\u00e4ische Unternehmen bei Investitionen in Malaysia, Singapur, Thailand und S\u00fcdostasien \u2013 sowie asiatische Firmen beim Markteintritt in Deutschland. Gesellschaftsrecht, Arbeitsrecht, Immigration &amp; Compliance.\" \/>\n<meta property=\"og:url\" content=\"https:\/\/straitly.legal\/en\/data-protection\/\" \/>\n<meta property=\"og:site_name\" content=\"straitly.legal \u2013 Deutsche Kanzlei f\u00fcr Gesellschaftsrecht, Arbeitsrecht &amp; Immigration in ASEAN\" \/>\n<meta property=\"article:modified_time\" content=\"2025-12-17T14:56:02+00:00\" \/>\n<meta name=\"twitter:card\" content=\"summary_large_image\" \/>\n<meta name=\"twitter:label1\" content=\"Est. reading time\" \/>\n\t<meta name=\"twitter:data1\" content=\"5 minutes\" \/>\n<script type=\"application\/ld+json\" class=\"yoast-schema-graph\">{\"@context\":\"https:\/\/schema.org\",\"@graph\":[{\"@type\":\"WebPage\",\"@id\":\"https:\/\/straitly.legal\/en\/data-protection\/\",\"url\":\"https:\/\/straitly.legal\/en\/data-protection\/\",\"name\":\"Data protection - straitly.legal \u2013 Deutsche Kanzlei f\u00fcr Gesellschaftsrecht, Arbeitsrecht &amp; Immigration in ASEAN\",\"isPartOf\":{\"@id\":\"https:\/\/straitly.legal\/en\/#website\"},\"datePublished\":\"2025-11-26T10:48:20+00:00\",\"dateModified\":\"2025-12-17T14:56:02+00:00\",\"description\":\"traitly.legal ber\u00e4t deutsche und europ\u00e4ische Unternehmen bei Investitionen in Malaysia, Singapur, Thailand und S\u00fcdostasien \u2013 sowie asiatische Firmen beim Markteintritt in Deutschland. Gesellschaftsrecht, Arbeitsrecht, Immigration & Compliance.\",\"breadcrumb\":{\"@id\":\"https:\/\/straitly.legal\/en\/data-protection\/#breadcrumb\"},\"inLanguage\":\"en-US\",\"potentialAction\":[{\"@type\":\"ReadAction\",\"target\":[\"https:\/\/straitly.legal\/en\/data-protection\/\"]}]},{\"@type\":\"BreadcrumbList\",\"@id\":\"https:\/\/straitly.legal\/en\/data-protection\/#breadcrumb\",\"itemListElement\":[{\"@type\":\"ListItem\",\"position\":1,\"name\":\"Startseite\",\"item\":\"https:\/\/straitly.legal\/en\/\"},{\"@type\":\"ListItem\",\"position\":2,\"name\":\"Data protection\"}]},{\"@type\":\"WebSite\",\"@id\":\"https:\/\/straitly.legal\/en\/#website\",\"url\":\"https:\/\/straitly.legal\/en\/\",\"name\":\"straitly.legal \u2013 Deutsche Kanzlei f\u00fcr Gesellschaftsrecht, Arbeitsrecht & Immigration in ASEAN\",\"description\":\"\",\"potentialAction\":[{\"@type\":\"SearchAction\",\"target\":{\"@type\":\"EntryPoint\",\"urlTemplate\":\"https:\/\/straitly.legal\/en\/?s={search_term_string}\"},\"query-input\":{\"@type\":\"PropertyValueSpecification\",\"valueRequired\":true,\"valueName\":\"search_term_string\"}}],\"inLanguage\":\"en-US\"}]}<\/script>\n<!-- \/ Yoast SEO plugin. -->","yoast_head_json":{"title":"Data protection - straitly.legal \u2013 Deutsche Kanzlei f\u00fcr Gesellschaftsrecht, Arbeitsrecht &amp; Immigration in ASEAN","description":"traitly.legal ber\u00e4t deutsche und europ\u00e4ische Unternehmen bei Investitionen in Malaysia, Singapur, Thailand und S\u00fcdostasien \u2013 sowie asiatische Firmen beim Markteintritt in Deutschland. Gesellschaftsrecht, Arbeitsrecht, Immigration & Compliance.","robots":{"index":"index","follow":"follow","max-snippet":"max-snippet:-1","max-image-preview":"max-image-preview:large","max-video-preview":"max-video-preview:-1"},"canonical":"https:\/\/straitly.legal\/en\/data-protection\/","og_locale":"en_US","og_type":"article","og_title":"Data protection - straitly.legal \u2013 Deutsche Kanzlei f\u00fcr Gesellschaftsrecht, Arbeitsrecht &amp; Immigration in ASEAN","og_description":"traitly.legal ber\u00e4t deutsche und europ\u00e4ische Unternehmen bei Investitionen in Malaysia, Singapur, Thailand und S\u00fcdostasien \u2013 sowie asiatische Firmen beim Markteintritt in Deutschland. Gesellschaftsrecht, Arbeitsrecht, Immigration & Compliance.","og_url":"https:\/\/straitly.legal\/en\/data-protection\/","og_site_name":"straitly.legal \u2013 Deutsche Kanzlei f\u00fcr Gesellschaftsrecht, Arbeitsrecht &amp; Immigration in ASEAN","article_modified_time":"2025-12-17T14:56:02+00:00","twitter_card":"summary_large_image","twitter_misc":{"Est. reading time":"5 minutes"},"schema":{"@context":"https:\/\/schema.org","@graph":[{"@type":"WebPage","@id":"https:\/\/straitly.legal\/en\/data-protection\/","url":"https:\/\/straitly.legal\/en\/data-protection\/","name":"Data protection - straitly.legal \u2013 Deutsche Kanzlei f\u00fcr Gesellschaftsrecht, Arbeitsrecht &amp; Immigration in ASEAN","isPartOf":{"@id":"https:\/\/straitly.legal\/en\/#website"},"datePublished":"2025-11-26T10:48:20+00:00","dateModified":"2025-12-17T14:56:02+00:00","description":"traitly.legal ber\u00e4t deutsche und europ\u00e4ische Unternehmen bei Investitionen in Malaysia, Singapur, Thailand und S\u00fcdostasien \u2013 sowie asiatische Firmen beim Markteintritt in Deutschland. Gesellschaftsrecht, Arbeitsrecht, Immigration & Compliance.","breadcrumb":{"@id":"https:\/\/straitly.legal\/en\/data-protection\/#breadcrumb"},"inLanguage":"en-US","potentialAction":[{"@type":"ReadAction","target":["https:\/\/straitly.legal\/en\/data-protection\/"]}]},{"@type":"BreadcrumbList","@id":"https:\/\/straitly.legal\/en\/data-protection\/#breadcrumb","itemListElement":[{"@type":"ListItem","position":1,"name":"Startseite","item":"https:\/\/straitly.legal\/en\/"},{"@type":"ListItem","position":2,"name":"Data protection"}]},{"@type":"WebSite","@id":"https:\/\/straitly.legal\/en\/#website","url":"https:\/\/straitly.legal\/en\/","name":"straitly.legal \u2013 Deutsche Kanzlei f\u00fcr Gesellschaftsrecht, Arbeitsrecht & Immigration in ASEAN","description":"","potentialAction":[{"@type":"SearchAction","target":{"@type":"EntryPoint","urlTemplate":"https:\/\/straitly.legal\/en\/?s={search_term_string}"},"query-input":{"@type":"PropertyValueSpecification","valueRequired":true,"valueName":"search_term_string"}}],"inLanguage":"en-US"}]}},"_links":{"self":[{"href":"https:\/\/straitly.legal\/en\/wp-json\/wp\/v2\/pages\/2825","targetHints":{"allow":["GET"]}}],"collection":[{"href":"https:\/\/straitly.legal\/en\/wp-json\/wp\/v2\/pages"}],"about":[{"href":"https:\/\/straitly.legal\/en\/wp-json\/wp\/v2\/types\/page"}],"author":[{"embeddable":true,"href":"https:\/\/straitly.legal\/en\/wp-json\/wp\/v2\/users\/1"}],"replies":[{"embeddable":true,"href":"https:\/\/straitly.legal\/en\/wp-json\/wp\/v2\/comments?post=2825"}],"version-history":[{"count":6,"href":"https:\/\/straitly.legal\/en\/wp-json\/wp\/v2\/pages\/2825\/revisions"}],"predecessor-version":[{"id":3709,"href":"https:\/\/straitly.legal\/en\/wp-json\/wp\/v2\/pages\/2825\/revisions\/3709"}],"wp:attachment":[{"href":"https:\/\/straitly.legal\/en\/wp-json\/wp\/v2\/media?parent=2825"}],"curies":[{"name":"wp","href":"https:\/\/api.w.org\/{rel}","templated":true}]}}