{"id":2832,"date":"2025-11-20T13:44:00","date_gmt":"2025-11-20T13:44:00","guid":{"rendered":"https:\/\/straitly.legal\/contact\/"},"modified":"2025-12-04T13:13:10","modified_gmt":"2025-12-04T13:13:10","slug":"contact","status":"publish","type":"page","link":"https:\/\/straitly.legal\/en\/contact\/","title":{"rendered":"Contact"},"content":{"rendered":"<p>[et_pb_section fb_built=&#8221;1&#8243; _builder_version=&#8221;4.27.4&#8243; _module_preset=&#8221;default&#8221; background_image=&#8221;https:\/\/straitly.legal\/wp-content\/uploads\/2025\/11\/sl-header-Kontakt-A-1920&#215;640-1.jpg&#8221; height=&#8221;550px&#8221; height_tablet=&#8221;540px&#8221; height_phone=&#8221;360px&#8221; height_last_edited=&#8221;on|phone&#8221; custom_padding=&#8221;0px||0px||false|false&#8221; da_disable_devices=&#8221;off|off|off&#8221; locked=&#8221;off&#8221; global_colors_info=&#8221;{}&#8221; da_is_popup=&#8221;off&#8221; da_exit_intent=&#8221;off&#8221; da_has_close=&#8221;on&#8221; da_alt_close=&#8221;off&#8221; da_dark_close=&#8221;off&#8221; da_not_modal=&#8221;on&#8221; da_is_singular=&#8221;off&#8221; da_with_loader=&#8221;off&#8221; da_has_shadow=&#8221;on&#8221;][et_pb_row _builder_version=&#8221;4.27.4&#8243; _module_preset=&#8221;default&#8221; height=&#8221;550px&#8221; custom_margin=&#8221;0px||0px||false|false&#8221; custom_padding=&#8221;||||false|false&#8221; global_colors_info=&#8221;{}&#8221;][et_pb_column type=&#8221;4_4&#8243; _builder_version=&#8221;4.27.4&#8243; _module_preset=&#8221;default&#8221; global_colors_info=&#8221;{}&#8221;][et_pb_image src=&#8221;https:\/\/straitly.legal\/wp-content\/uploads\/2025\/11\/sl-icon-B-500-W-3.png&#8221; title_text=&#8221;sl-icon-B-500-W-3&#8243; _builder_version=&#8221;4.27.4&#8243; _module_preset=&#8221;default&#8221; width=&#8221;500px&#8221; width_tablet=&#8221;80%&#8221; width_phone=&#8221;100%&#8221; width_last_edited=&#8221;on|phone&#8221; max_width=&#8221;100%&#8221; module_alignment=&#8221;center&#8221; custom_margin=&#8221;20px||20px||true|false&#8221; custom_padding=&#8221;||||false|false&#8221; global_colors_info=&#8221;{}&#8221;][\/et_pb_image][\/et_pb_column][\/et_pb_row][\/et_pb_section][et_pb_section fb_built=&#8221;1&#8243; admin_label=&#8221;Section&#8221; module_id=&#8221;mission&#8221; _builder_version=&#8221;4.27.4&#8243; _module_preset=&#8221;default&#8221; custom_padding=&#8221;100px||100px||true|false&#8221; da_popup_slug=&#8221;mission&#8221; da_disable_devices=&#8221;off|off|off&#8221; locked=&#8221;off&#8221; global_colors_info=&#8221;{}&#8221; da_is_popup=&#8221;off&#8221; da_exit_intent=&#8221;off&#8221; da_has_close=&#8221;on&#8221; da_alt_close=&#8221;off&#8221; da_dark_close=&#8221;off&#8221; da_not_modal=&#8221;on&#8221; da_is_singular=&#8221;off&#8221; da_with_loader=&#8221;off&#8221; da_has_shadow=&#8221;on&#8221;][et_pb_row _builder_version=&#8221;4.27.4&#8243; _module_preset=&#8221;default&#8221; width_tablet=&#8221;&#8221; width_phone=&#8221;&#8221; width_last_edited=&#8221;on|phone&#8221; custom_margin_tablet=&#8221;&#8221; custom_margin_phone=&#8221;&#8221; custom_margin_last_edited=&#8221;on|phone&#8221; custom_padding=&#8221;0px||0px||false|false&#8221; global_colors_info=&#8221;{}&#8221;][et_pb_column type=&#8221;4_4&#8243; _builder_version=&#8221;4.27.4&#8243; _module_preset=&#8221;default&#8221; global_colors_info=&#8221;{}&#8221;][et_pb_heading title=&#8221;Contact&#8221; _builder_version=&#8221;4.27.4&#8243; _module_preset=&#8221;default&#8221; title_level=&#8221;h2&#8243; title_font=&#8221;|600||on|||||&#8221; title_font_size=&#8221;24px&#8221; title_letter_spacing=&#8221;8px&#8221; title_font_size_tablet=&#8221;22px&#8221; title_font_size_phone=&#8221;20px&#8221; title_font_size_last_edited=&#8221;on|tablet&#8221; locked=&#8221;off&#8221; global_colors_info=&#8221;{}&#8221;][\/et_pb_heading][et_pb_heading title=&#8221;For clients in Germany and ASEAN \u2013 we are here to support you&#8221; _builder_version=&#8221;4.27.4&#8243; _module_preset=&#8221;default&#8221; title_font=&#8221;|700|||||||&#8221; title_font_size=&#8221;60px&#8221; animation_style=&#8221;slide&#8221; animation_direction=&#8221;bottom&#8221; title_font_size_tablet=&#8221;45px&#8221; title_font_size_phone=&#8221;35px&#8221; title_font_size_last_edited=&#8221;on|tablet&#8221; title_line_height_tablet=&#8221;&#8221; title_line_height_phone=&#8221;&#8221; title_line_height_last_edited=&#8221;on|phone&#8221; global_colors_info=&#8221;{}&#8221;][\/et_pb_heading][et_pb_button button_url=&#8221;https:\/\/zeeg.me\/pascal-brinkmann\/meeting-invitation&#8221; url_new_window=&#8221;on&#8221; button_text=&#8221;Book an appointment now&#8221; button_alignment=&#8221;left&#8221; _builder_version=&#8221;4.27.4&#8243; _module_preset=&#8221;default&#8221; custom_button=&#8221;on&#8221; custom_margin=&#8221;10px||||false|false&#8221; custom_padding=&#8221;||||false|false&#8221; hover_enabled=&#8221;0&#8243; button_text_size_tablet=&#8221;&#8221; button_text_size_phone=&#8221;17px&#8221; button_text_size_last_edited=&#8221;on|phone&#8221; global_colors_info=&#8221;{}&#8221; animation_style=&#8221;slide&#8221; animation_direction=&#8221;bottom&#8221; animation_duration=&#8221;750ms&#8221; sticky_enabled=&#8221;0&#8243;][\/et_pb_button][\/et_pb_column][\/et_pb_row][et_pb_row _builder_version=&#8221;4.27.4&#8243; _module_preset=&#8221;default&#8221; width_tablet=&#8221;&#8221; width_phone=&#8221;&#8221; width_last_edited=&#8221;on|phone&#8221; custom_margin=&#8221;100px||||false|false&#8221; custom_margin_tablet=&#8221;&#8221; custom_margin_phone=&#8221;&#8221; custom_margin_last_edited=&#8221;on|phone&#8221; custom_padding=&#8221;0px||0px||false|false&#8221; global_colors_info=&#8221;{}&#8221;][et_pb_column type=&#8221;4_4&#8243; _builder_version=&#8221;4.27.4&#8243; _module_preset=&#8221;default&#8221; global_colors_info=&#8221;{}&#8221;][et_pb_heading title=&#8221;Locations&#8221; _builder_version=&#8221;4.27.4&#8243; _module_preset=&#8221;default&#8221; title_level=&#8221;h2&#8243; title_font=&#8221;|600||on|||||&#8221; title_font_size=&#8221;24px&#8221; title_letter_spacing=&#8221;8px&#8221; title_font_size_tablet=&#8221;22px&#8221; title_font_size_phone=&#8221;20px&#8221; title_font_size_last_edited=&#8221;on|tablet&#8221; locked=&#8221;off&#8221; global_colors_info=&#8221;{}&#8221;][\/et_pb_heading][\/et_pb_column][\/et_pb_row][et_pb_row column_structure=&#8221;1_2,1_2&#8243; _builder_version=&#8221;4.27.4&#8243; _module_preset=&#8221;default&#8221; width_tablet=&#8221;&#8221; width_phone=&#8221;&#8221; width_last_edited=&#8221;on|phone&#8221; custom_margin=&#8221;25px|auto||auto|false|false&#8221; custom_padding=&#8221;0px||0px||false|false&#8221; global_colors_info=&#8221;{}&#8221;][et_pb_column type=&#8221;1_2&#8243; _builder_version=&#8221;4.27.4&#8243; _module_preset=&#8221;default&#8221; global_colors_info=&#8221;{}&#8221;][et_pb_text _builder_version=&#8221;4.27.4&#8243; _module_preset=&#8221;default&#8221; text_font_size_tablet=&#8221;18px&#8221; text_font_size_phone=&#8221;17px&#8221; text_font_size_last_edited=&#8221;on|tablet&#8221; text_line_height_tablet=&#8221;1.6em&#8221; text_line_height_phone=&#8221;1.5em&#8221; text_line_height_last_edited=&#8221;on|phone&#8221; global_colors_info=&#8221;{}&#8221;]<\/p>\n<p>D\u00fcsseldorf<br \/><strong>straitly.legal<\/strong><br \/>Mendelssohnstra\u00dfe 28<br \/>40233 D\u00fcsseldorf<br \/>Germany<br \/><img loading=\"lazy\" decoding=\"async\" src=\"https:\/\/straitly.legal\/wp-content\/uploads\/2025\/12\/sl-icon-telefon-s-40-1.svg\" width=\"20\" height=\"20\" alt=\"\" class=\"wp-image-2595 alignnone size-medium\"> <a href=\"tel:+491604018169\">+49 160 4018169<\/a><br \/><a href=\"mailto:brinkmann@straitly.legal\" target=\"_blank\" rel=\"noopener\"><img loading=\"lazy\" decoding=\"async\" src=\"https:\/\/straitly.legal\/wp-content\/uploads\/2025\/12\/sl-icon-email-s-40-1.svg\" width=\"20\" height=\"13\" alt=\"\" class=\"wp-image-2599 alignnone size-medium\"> brinkmann@straitly.legal<\/a><\/p>\n<p>[\/et_pb_text][\/et_pb_column][et_pb_column type=&#8221;1_2&#8243; _builder_version=&#8221;4.27.4&#8243; _module_preset=&#8221;default&#8221; global_colors_info=&#8221;{}&#8221;][et_pb_text _builder_version=&#8221;4.27.4&#8243; _module_preset=&#8221;default&#8221; text_font_size_tablet=&#8221;18px&#8221; text_font_size_phone=&#8221;17px&#8221; text_font_size_last_edited=&#8221;on|tablet&#8221; text_line_height_tablet=&#8221;1.6em&#8221; text_line_height_phone=&#8221;1.5em&#8221; text_line_height_last_edited=&#8221;on|phone&#8221; global_colors_info=&#8221;{}&#8221;]<\/p>\n<p>Kuala Lumpur<br \/><strong>Straitly.Malaysia Sdn. Bhd.<\/strong><br \/>D-31-01, Menara Suezcap 1<br \/>Gerbang Kerinchi Lestari<br \/>No. 2, Jalan Kerinchi<br \/>59200 Kuala Lumpur<br \/>Malaysia<br \/><img loading=\"lazy\" decoding=\"async\" src=\"https:\/\/straitly.legal\/wp-content\/uploads\/2025\/12\/sl-icon-telefon-s-40-1.svg\" width=\"20\" height=\"20\" alt=\"\" class=\"wp-image-2595 alignnone size-medium\"> <a href=\"tel:+60177565271\">+60 17 756 5271<\/a><br \/><a href=\"mailto:brinkmann@straitly.legal\" target=\"_blank\" rel=\"noopener\"><img loading=\"lazy\" decoding=\"async\" src=\"https:\/\/straitly.legal\/wp-content\/uploads\/2025\/12\/sl-icon-email-s-40-1.svg\" width=\"20\" height=\"13\" alt=\"\" class=\"wp-image-2599 alignnone size-medium\"> brinkmann@straitly.legal<\/a><a href=\"mailto:brinkmann@straitly.legal\" target=\"_blank\" rel=\"noopener\"><\/a><\/p>\n<p>[\/et_pb_text][\/et_pb_column][\/et_pb_row][\/et_pb_section][et_pb_section fb_built=&#8221;1&#8243; _builder_version=&#8221;4.27.4&#8243; _module_preset=&#8221;default&#8221; background_color=&#8221;#824BFF&#8221; da_disable_devices=&#8221;off|off|off&#8221; global_colors_info=&#8221;{}&#8221; da_is_popup=&#8221;off&#8221; da_exit_intent=&#8221;off&#8221; da_has_close=&#8221;on&#8221; da_alt_close=&#8221;off&#8221; da_dark_close=&#8221;off&#8221; da_not_modal=&#8221;on&#8221; da_is_singular=&#8221;off&#8221; da_with_loader=&#8221;off&#8221; da_has_shadow=&#8221;on&#8221;][et_pb_row column_structure=&#8221;1_2,1_2&#8243; module_class=&#8221;silbentrennung&#8221; _builder_version=&#8221;4.27.4&#8243; _module_preset=&#8221;default&#8221; global_colors_info=&#8221;{}&#8221;][et_pb_column type=&#8221;1_2&#8243; _builder_version=&#8221;4.27.4&#8243; _module_preset=&#8221;default&#8221; global_colors_info=&#8221;{}&#8221;][et_pb_heading title=&#8221;You can also conveniently book an appointment here:&#8221; _builder_version=&#8221;4.27.4&#8243; _module_preset=&#8221;default&#8221; title_level=&#8221;h2&#8243; title_font=&#8221;|700|||||||&#8221; title_font_size=&#8221;31px&#8221; title_line_height=&#8221;1.5em&#8221; custom_margin=&#8221;||||false|false&#8221; custom_padding=&#8221;||||false|false&#8221; animation_style=&#8221;slide&#8221; animation_direction=&#8221;bottom&#8221; title_font_size_tablet=&#8221;32px&#8221; title_font_size_phone=&#8221;20px&#8221; title_font_size_last_edited=&#8221;on|phone&#8221; title_line_height_tablet=&#8221;1.2em&#8221; title_line_height_phone=&#8221;1.4em&#8221; title_line_height_last_edited=&#8221;on|phone&#8221; global_colors_info=&#8221;{}&#8221;][\/et_pb_heading][\/et_pb_column][et_pb_column type=&#8221;1_2&#8243; _builder_version=&#8221;4.27.4&#8243; _module_preset=&#8221;default&#8221; global_colors_info=&#8221;{}&#8221;][et_pb_button button_url=&#8221;https:\/\/zeeg.me\/pascal-brinkmann\/meeting-invitation&#8221; url_new_window=&#8221;on&#8221; button_text=&#8221;Book an appointment now&#8221; button_alignment=&#8221;left&#8221; _builder_version=&#8221;4.27.4&#8243; _module_preset=&#8221;default&#8221; custom_button=&#8221;on&#8221; custom_margin=&#8221;10px||||false|false&#8221; custom_padding=&#8221;||||false|false&#8221; hover_enabled=&#8221;0&#8243; button_text_size_tablet=&#8221;&#8221; button_text_size_phone=&#8221;17px&#8221; button_text_size_last_edited=&#8221;on|phone&#8221; global_colors_info=&#8221;{}&#8221; animation_style=&#8221;slide&#8221; animation_direction=&#8221;bottom&#8221; sticky_enabled=&#8221;0&#8243;][\/et_pb_button][\/et_pb_column][\/et_pb_row][\/et_pb_section]<\/p>\n","protected":false},"excerpt":{"rendered":"<p>D\u00fcsseldorfstraitly.legalMendelssohnstra\u00dfe 2840233 D\u00fcsseldorfGermany +49 160 4018169 brinkmann@straitly.legalKuala LumpurStraitly.Malaysia Sdn. Bhd.D-31-01, Menara Suezcap 1Gerbang Kerinchi LestariNo. 2, Jalan Kerinchi59200 Kuala LumpurMalaysia +60 17 756 5271 brinkmann@straitly.legal<\/p>\n","protected":false},"author":1,"featured_media":0,"parent":0,"menu_order":0,"comment_status":"closed","ping_status":"closed","template":"","meta":{"_et_pb_use_builder":"on","_et_pb_old_content":"","_et_gb_content_width":"","footnotes":""},"class_list":["post-2832","page","type-page","status-publish","hentry"],"yoast_head":"<!-- This site is optimized with the Yoast SEO plugin v26.6 - https:\/\/yoast.com\/wordpress\/plugins\/seo\/ -->\n<title>Contact - straitly.legal \u2013 Deutsche Kanzlei f\u00fcr Gesellschaftsrecht, Arbeitsrecht &amp; Immigration in ASEAN<\/title>\n<meta name=\"description\" content=\"traitly.legal ber\u00e4t deutsche und europ\u00e4ische Unternehmen bei Investitionen in Malaysia, Singapur, Thailand und S\u00fcdostasien \u2013 sowie asiatische Firmen beim Markteintritt in Deutschland. Gesellschaftsrecht, Arbeitsrecht, Immigration &amp; Compliance.\" \/>\n<meta name=\"robots\" content=\"index, follow, max-snippet:-1, max-image-preview:large, max-video-preview:-1\" \/>\n<link rel=\"canonical\" href=\"https:\/\/straitly.legal\/en\/contact\/\" \/>\n<meta property=\"og:locale\" content=\"en_US\" \/>\n<meta property=\"og:type\" content=\"article\" \/>\n<meta property=\"og:title\" content=\"Contact - straitly.legal \u2013 Deutsche Kanzlei f\u00fcr Gesellschaftsrecht, Arbeitsrecht &amp; Immigration in ASEAN\" \/>\n<meta property=\"og:description\" content=\"traitly.legal ber\u00e4t deutsche und europ\u00e4ische Unternehmen bei Investitionen in Malaysia, Singapur, Thailand und S\u00fcdostasien \u2013 sowie asiatische Firmen beim Markteintritt in Deutschland. Gesellschaftsrecht, Arbeitsrecht, Immigration &amp; Compliance.\" \/>\n<meta property=\"og:url\" content=\"https:\/\/straitly.legal\/en\/contact\/\" \/>\n<meta property=\"og:site_name\" content=\"straitly.legal \u2013 Deutsche Kanzlei f\u00fcr Gesellschaftsrecht, Arbeitsrecht &amp; Immigration in ASEAN\" \/>\n<meta property=\"article:modified_time\" content=\"2025-12-04T13:13:10+00:00\" \/>\n<meta name=\"twitter:card\" content=\"summary_large_image\" \/>\n<meta name=\"twitter:label1\" content=\"Est. reading time\" \/>\n\t<meta name=\"twitter:data1\" content=\"5 minutes\" \/>\n<script type=\"application\/ld+json\" class=\"yoast-schema-graph\">{\"@context\":\"https:\/\/schema.org\",\"@graph\":[{\"@type\":\"WebPage\",\"@id\":\"https:\/\/straitly.legal\/en\/contact\/\",\"url\":\"https:\/\/straitly.legal\/en\/contact\/\",\"name\":\"Contact - straitly.legal \u2013 Deutsche Kanzlei f\u00fcr Gesellschaftsrecht, Arbeitsrecht &amp; Immigration in ASEAN\",\"isPartOf\":{\"@id\":\"https:\/\/straitly.legal\/en\/#website\"},\"primaryImageOfPage\":{\"@id\":\"https:\/\/straitly.legal\/en\/contact\/#primaryimage\"},\"image\":{\"@id\":\"https:\/\/straitly.legal\/en\/contact\/#primaryimage\"},\"thumbnailUrl\":\"https:\/\/straitly.legal\/wp-content\/uploads\/2025\/12\/sl-icon-telefon-s-40-1.svg\",\"datePublished\":\"2025-11-20T13:44:00+00:00\",\"dateModified\":\"2025-12-04T13:13:10+00:00\",\"description\":\"traitly.legal ber\u00e4t deutsche und europ\u00e4ische Unternehmen bei Investitionen in Malaysia, Singapur, Thailand und S\u00fcdostasien \u2013 sowie asiatische Firmen beim Markteintritt in Deutschland. Gesellschaftsrecht, Arbeitsrecht, Immigration & Compliance.\",\"breadcrumb\":{\"@id\":\"https:\/\/straitly.legal\/en\/contact\/#breadcrumb\"},\"inLanguage\":\"en-US\",\"potentialAction\":[{\"@type\":\"ReadAction\",\"target\":[\"https:\/\/straitly.legal\/en\/contact\/\"]}]},{\"@type\":\"ImageObject\",\"inLanguage\":\"en-US\",\"@id\":\"https:\/\/straitly.legal\/en\/contact\/#primaryimage\",\"url\":\"https:\/\/straitly.legal\/wp-content\/uploads\/2025\/12\/sl-icon-telefon-s-40-1.svg\",\"contentUrl\":\"https:\/\/straitly.legal\/wp-content\/uploads\/2025\/12\/sl-icon-telefon-s-40-1.svg\"},{\"@type\":\"BreadcrumbList\",\"@id\":\"https:\/\/straitly.legal\/en\/contact\/#breadcrumb\",\"itemListElement\":[{\"@type\":\"ListItem\",\"position\":1,\"name\":\"Startseite\",\"item\":\"https:\/\/straitly.legal\/en\/\"},{\"@type\":\"ListItem\",\"position\":2,\"name\":\"Contact\"}]},{\"@type\":\"WebSite\",\"@id\":\"https:\/\/straitly.legal\/en\/#website\",\"url\":\"https:\/\/straitly.legal\/en\/\",\"name\":\"straitly.legal \u2013 Deutsche Kanzlei f\u00fcr Gesellschaftsrecht, Arbeitsrecht & Immigration in ASEAN\",\"description\":\"\",\"potentialAction\":[{\"@type\":\"SearchAction\",\"target\":{\"@type\":\"EntryPoint\",\"urlTemplate\":\"https:\/\/straitly.legal\/en\/?s={search_term_string}\"},\"query-input\":{\"@type\":\"PropertyValueSpecification\",\"valueRequired\":true,\"valueName\":\"search_term_string\"}}],\"inLanguage\":\"en-US\"}]}<\/script>\n<!-- \/ Yoast SEO plugin. -->","yoast_head_json":{"title":"Contact - straitly.legal \u2013 Deutsche Kanzlei f\u00fcr Gesellschaftsrecht, Arbeitsrecht &amp; Immigration in ASEAN","description":"traitly.legal ber\u00e4t deutsche und europ\u00e4ische Unternehmen bei Investitionen in Malaysia, Singapur, Thailand und S\u00fcdostasien \u2013 sowie asiatische Firmen beim Markteintritt in Deutschland. Gesellschaftsrecht, Arbeitsrecht, Immigration & Compliance.","robots":{"index":"index","follow":"follow","max-snippet":"max-snippet:-1","max-image-preview":"max-image-preview:large","max-video-preview":"max-video-preview:-1"},"canonical":"https:\/\/straitly.legal\/en\/contact\/","og_locale":"en_US","og_type":"article","og_title":"Contact - straitly.legal \u2013 Deutsche Kanzlei f\u00fcr Gesellschaftsrecht, Arbeitsrecht &amp; Immigration in ASEAN","og_description":"traitly.legal ber\u00e4t deutsche und europ\u00e4ische Unternehmen bei Investitionen in Malaysia, Singapur, Thailand und S\u00fcdostasien \u2013 sowie asiatische Firmen beim Markteintritt in Deutschland. Gesellschaftsrecht, Arbeitsrecht, Immigration & Compliance.","og_url":"https:\/\/straitly.legal\/en\/contact\/","og_site_name":"straitly.legal \u2013 Deutsche Kanzlei f\u00fcr Gesellschaftsrecht, Arbeitsrecht &amp; Immigration in ASEAN","article_modified_time":"2025-12-04T13:13:10+00:00","twitter_card":"summary_large_image","twitter_misc":{"Est. reading time":"5 minutes"},"schema":{"@context":"https:\/\/schema.org","@graph":[{"@type":"WebPage","@id":"https:\/\/straitly.legal\/en\/contact\/","url":"https:\/\/straitly.legal\/en\/contact\/","name":"Contact - straitly.legal \u2013 Deutsche Kanzlei f\u00fcr Gesellschaftsrecht, Arbeitsrecht &amp; Immigration in ASEAN","isPartOf":{"@id":"https:\/\/straitly.legal\/en\/#website"},"primaryImageOfPage":{"@id":"https:\/\/straitly.legal\/en\/contact\/#primaryimage"},"image":{"@id":"https:\/\/straitly.legal\/en\/contact\/#primaryimage"},"thumbnailUrl":"https:\/\/straitly.legal\/wp-content\/uploads\/2025\/12\/sl-icon-telefon-s-40-1.svg","datePublished":"2025-11-20T13:44:00+00:00","dateModified":"2025-12-04T13:13:10+00:00","description":"traitly.legal ber\u00e4t deutsche und europ\u00e4ische Unternehmen bei Investitionen in Malaysia, Singapur, Thailand und S\u00fcdostasien \u2013 sowie asiatische Firmen beim Markteintritt in Deutschland. Gesellschaftsrecht, Arbeitsrecht, Immigration & Compliance.","breadcrumb":{"@id":"https:\/\/straitly.legal\/en\/contact\/#breadcrumb"},"inLanguage":"en-US","potentialAction":[{"@type":"ReadAction","target":["https:\/\/straitly.legal\/en\/contact\/"]}]},{"@type":"ImageObject","inLanguage":"en-US","@id":"https:\/\/straitly.legal\/en\/contact\/#primaryimage","url":"https:\/\/straitly.legal\/wp-content\/uploads\/2025\/12\/sl-icon-telefon-s-40-1.svg","contentUrl":"https:\/\/straitly.legal\/wp-content\/uploads\/2025\/12\/sl-icon-telefon-s-40-1.svg"},{"@type":"BreadcrumbList","@id":"https:\/\/straitly.legal\/en\/contact\/#breadcrumb","itemListElement":[{"@type":"ListItem","position":1,"name":"Startseite","item":"https:\/\/straitly.legal\/en\/"},{"@type":"ListItem","position":2,"name":"Contact"}]},{"@type":"WebSite","@id":"https:\/\/straitly.legal\/en\/#website","url":"https:\/\/straitly.legal\/en\/","name":"straitly.legal \u2013 Deutsche Kanzlei f\u00fcr Gesellschaftsrecht, Arbeitsrecht & Immigration in ASEAN","description":"","potentialAction":[{"@type":"SearchAction","target":{"@type":"EntryPoint","urlTemplate":"https:\/\/straitly.legal\/en\/?s={search_term_string}"},"query-input":{"@type":"PropertyValueSpecification","valueRequired":true,"valueName":"search_term_string"}}],"inLanguage":"en-US"}]}},"_links":{"self":[{"href":"https:\/\/straitly.legal\/en\/wp-json\/wp\/v2\/pages\/2832","targetHints":{"allow":["GET"]}}],"collection":[{"href":"https:\/\/straitly.legal\/en\/wp-json\/wp\/v2\/pages"}],"about":[{"href":"https:\/\/straitly.legal\/en\/wp-json\/wp\/v2\/types\/page"}],"author":[{"embeddable":true,"href":"https:\/\/straitly.legal\/en\/wp-json\/wp\/v2\/users\/1"}],"replies":[{"embeddable":true,"href":"https:\/\/straitly.legal\/en\/wp-json\/wp\/v2\/comments?post=2832"}],"version-history":[{"count":2,"href":"https:\/\/straitly.legal\/en\/wp-json\/wp\/v2\/pages\/2832\/revisions"}],"predecessor-version":[{"id":2834,"href":"https:\/\/straitly.legal\/en\/wp-json\/wp\/v2\/pages\/2832\/revisions\/2834"}],"wp:attachment":[{"href":"https:\/\/straitly.legal\/en\/wp-json\/wp\/v2\/media?parent=2832"}],"curies":[{"name":"wp","href":"https:\/\/api.w.org\/{rel}","templated":true}]}}