{"id":2882,"date":"2025-11-26T10:40:25","date_gmt":"2025-11-26T10:40:25","guid":{"rendered":"https:\/\/straitly.legal\/imprint\/"},"modified":"2025-12-17T15:01:33","modified_gmt":"2025-12-17T15:01:33","slug":"imprint","status":"publish","type":"page","link":"https:\/\/straitly.legal\/en\/imprint\/","title":{"rendered":"Imprint"},"content":{"rendered":"<p>[et_pb_section fb_built=&#8221;1&#8243; _builder_version=&#8221;4.27.4&#8243; _module_preset=&#8221;default&#8221; background_image=&#8221;https:\/\/straitly.legal\/wp-content\/uploads\/2025\/11\/sl-header-Kontakt-A-1920&#215;640-1.jpg&#8221; height=&#8221;550px&#8221; height_tablet=&#8221;540px&#8221; height_phone=&#8221;360px&#8221; height_last_edited=&#8221;on|phone&#8221; custom_padding=&#8221;0px||0px||false|false&#8221; da_disable_devices=&#8221;off|off|off&#8221; locked=&#8221;off&#8221; global_colors_info=&#8221;{}&#8221; da_is_popup=&#8221;off&#8221; da_exit_intent=&#8221;off&#8221; da_has_close=&#8221;on&#8221; da_alt_close=&#8221;off&#8221; da_dark_close=&#8221;off&#8221; da_not_modal=&#8221;on&#8221; da_is_singular=&#8221;off&#8221; da_with_loader=&#8221;off&#8221; da_has_shadow=&#8221;on&#8221;][et_pb_row _builder_version=&#8221;4.27.4&#8243; _module_preset=&#8221;default&#8221; height=&#8221;550px&#8221; custom_margin=&#8221;0px||0px||false|false&#8221; custom_padding=&#8221;||||false|false&#8221; global_colors_info=&#8221;{}&#8221;][et_pb_column type=&#8221;4_4&#8243; _builder_version=&#8221;4.27.4&#8243; _module_preset=&#8221;default&#8221; global_colors_info=&#8221;{}&#8221;][et_pb_image src=&#8221;https:\/\/straitly.legal\/wp-content\/uploads\/2025\/11\/sl-icon-F-500-W-2.png&#8221; title_text=&#8221;sl-icon-F-500-W-2&#8243; _builder_version=&#8221;4.27.4&#8243; _module_preset=&#8221;default&#8221; width=&#8221;500px&#8221; width_tablet=&#8221;80%&#8221; width_phone=&#8221;100%&#8221; width_last_edited=&#8221;on|phone&#8221; max_width=&#8221;100%&#8221; module_alignment=&#8221;center&#8221; custom_margin=&#8221;20px||20px||true|false&#8221; custom_padding=&#8221;||||false|false&#8221; global_colors_info=&#8221;{}&#8221;][\/et_pb_image][\/et_pb_column][\/et_pb_row][\/et_pb_section][et_pb_section fb_built=&#8221;1&#8243; admin_label=&#8221;Section&#8221; module_id=&#8221;mission&#8221; _builder_version=&#8221;4.27.4&#8243; _module_preset=&#8221;default&#8221; custom_padding=&#8221;100px||100px||true|false&#8221; da_popup_slug=&#8221;mission&#8221; da_disable_devices=&#8221;off|off|off&#8221; locked=&#8221;off&#8221; global_colors_info=&#8221;{}&#8221; da_is_popup=&#8221;off&#8221; da_exit_intent=&#8221;off&#8221; da_has_close=&#8221;on&#8221; da_alt_close=&#8221;off&#8221; da_dark_close=&#8221;off&#8221; da_not_modal=&#8221;on&#8221; da_is_singular=&#8221;off&#8221; da_with_loader=&#8221;off&#8221; da_has_shadow=&#8221;on&#8221;][et_pb_row _builder_version=&#8221;4.27.4&#8243; _module_preset=&#8221;default&#8221; width_tablet=&#8221;&#8221; width_phone=&#8221;&#8221; width_last_edited=&#8221;on|phone&#8221; custom_margin_tablet=&#8221;&#8221; custom_margin_phone=&#8221;&#8221; custom_margin_last_edited=&#8221;on|phone&#8221; custom_padding=&#8221;0px||||false|false&#8221; global_colors_info=&#8221;{}&#8221;][et_pb_column type=&#8221;4_4&#8243; _builder_version=&#8221;4.27.4&#8243; _module_preset=&#8221;default&#8221; global_colors_info=&#8221;{}&#8221;][et_pb_heading title=&#8221;Imprint&#8221; _builder_version=&#8221;4.27.4&#8243; _module_preset=&#8221;default&#8221; title_font=&#8221;|700|||||||&#8221; title_font_size=&#8221;60px&#8221; animation_style=&#8221;slide&#8221; animation_direction=&#8221;bottom&#8221; title_font_size_tablet=&#8221;45px&#8221; title_font_size_phone=&#8221;35px&#8221; title_font_size_last_edited=&#8221;on|tablet&#8221; global_colors_info=&#8221;{}&#8221;][\/et_pb_heading][\/et_pb_column][\/et_pb_row][et_pb_row _builder_version=&#8221;4.27.4&#8243; _module_preset=&#8221;default&#8221; width_tablet=&#8221;&#8221; width_phone=&#8221;&#8221; width_last_edited=&#8221;on|phone&#8221; custom_margin=&#8221;|auto|-1px|auto||&#8221; custom_padding=&#8221;25px||||false|false&#8221; global_colors_info=&#8221;{}&#8221;][et_pb_column type=&#8221;4_4&#8243; _builder_version=&#8221;4.27.4&#8243; _module_preset=&#8221;default&#8221; global_colors_info=&#8221;{}&#8221;][et_pb_text _builder_version=&#8221;4.27.4&#8243; _module_preset=&#8221;default&#8221; hover_enabled=&#8221;0&#8243; text_font_size_tablet=&#8221;18px&#8221; text_font_size_phone=&#8221;17px&#8221; text_font_size_last_edited=&#8221;on|tablet&#8221; text_line_height_tablet=&#8221;1.6em&#8221; text_line_height_phone=&#8221;1.5em&#8221; text_line_height_last_edited=&#8221;on|phone&#8221; global_colors_info=&#8221;{}&#8221; sticky_enabled=&#8221;0&#8243; ul_line_height=&#8221;1.8em&#8221; ul_line_height_last_edited=&#8221;on|phone&#8221; ul_line_height_phone=&#8221;1.5em&#8221; ul_line_height_tablet=&#8221;1.6em&#8221;]<\/p>\n<p><strong>Information in accordance with Section 5 German Digital Services Act (DDG)<\/strong><\/p>\n<p><strong>straitly.legal<\/strong><br \/>Attorney-at-Law (Rechtsanwalt, Germany)<br \/>Pascal Brinkmann, LL.B. (London), LL.M. (Stellenbosch)<br \/>Mendelssohnstra\u00dfe 28, 40233 D\u00fcsseldorf, Germany  <\/p>\n<p><strong>Phone:<\/strong> +49 160 4018169<br \/><strong>Email:<\/strong> <a href=\"mailto:brinkmann@straitly.legal\" target=\"_blank\" rel=\"noopener\">brinkmann@straitly.legal<\/a><\/p>\n<p>Professional liability insurance for lawyers is provided by Allianz Versicherungs-AG, 10900 Berlin.<br \/>The insurance cover meets at least the requirements of Section 51 of the German Federal Lawyers\u2019 Act (BRAO). <\/p>\n<p><strong>Professional Regulations<\/strong><\/p>\n<p>The following professional regulations apply to the lawyers of straitly.legal:<\/p>\n<ul>\n<li>German Federal Lawyers\u2019 Act (BRAO)<\/li>\n<li>Professional Code of Conduct for Lawyers (BORA)<\/li>\n<li>Professional Rules of the Council of Bars and Law Societies of Europe (CCBE Code of Conduct)<\/li>\n<li>Specialist Lawyers\u2019 Code (FAO)<\/li>\n<li>German Lawyers\u2019 Remuneration Act (RVG)<\/li>\n<li>Law on the Activities of European Lawyers in Germany (EuRAG)<\/li>\n<\/ul>\n<p>All texts are available (in German and English) at: <a href=\"http:\/\/www.brak.de\" target=\"_blank\" rel=\"noopener\">www.brak.de<\/a><\/p>\n<p>The professional title \u201eRechtsanwalt\u201c (Attorney-at-Law) is awarded in Germany after a formal admission process. The responsible supervisory authority is: Rechtsanwaltskammer D\u00fcsseldorf, Freiligrathstra\u00dfe 25, 40479 D\u00fcsseldorf, Germany. <\/p>\n<p>The lawyers practise their profession in accordance with the provisions of the German Federal Lawyers\u2019 Act (Bundesrechtsanwaltsordnung \u2013 BRAO) and the Professional Code of Conduct for Lawyers (Berufsordnung f\u00fcr Rechtsanw\u00e4lte \u2013 BORA). In addition, the Code of Conduct for European Lawyers issued by the Council of Bars and Law Societies of Europe (CCBE) applies. <\/p>\n<p>Statutory legal fees are governed by the German Lawyers\u2019 Remuneration Act (Rechtsanwaltsverg\u00fctungsgesetz \u2013 RVG). Fees based on time spent are determined in accordance with the applicable client agreement. <\/p>\n<p><strong>The responsible supervisory authority is:<\/strong><br \/>Rechtsanwaltskammer D\u00fcsseldorf (Freiligrathstra\u00dfe 25, 40479 D\u00fcsseldorf).<\/p>\n<p><strong>Dispute Resolution (Lawyers)<\/strong><\/p>\n<p>In case of disputes between lawyers and their clients, the option of out-of-court dispute resolution exists.<br \/>Competent authorities are:<br \/>\u2022 The local Bar Association (pursuant to Section 73 (2) No. 3, Section 73 (5) BRAO)<br \/>\u2022 The Arbitration Board of the German Federal Bar (Section 191f BRAO), accessible via www.brak.de or <a href=\"mailto:schlichtungsstelle@brak.de\">schlichtungsstelle@brak.de<\/a>.  <\/p>\n<p><strong>Consumer Dispute Resolution (Section 36 VSBG)<\/strong><\/p>\n<p>straitly.legal is neither obliged nor willing to participate in dispute resolution proceedings before a consumer arbitration board.<\/p>\n<p><strong>Note<\/strong><\/p>\n<p>The information provided on our website is for general information purposes only and does not constitute legal advice. Visiting our website and other social media profiles does not create a client relationship. No claims can be made based on the information, recommendations or content provided. For legal advice in individual cases, a direct mandate is required.   <\/p>\n<p><strong>Disclaimer<\/strong><\/p>\n<p>We carefully review and select our sources of information, but accept no responsibility for the content of external links. The operators of linked sites are solely responsible for their content. straitly.legal cannot guarantee the completeness, timeliness or accuracy of the content at all times.  <\/p>\n<p><strong>Scope of This Imprint<\/strong><\/p>\n<p>This imprint also applies to the following online presence:<br \/><a href=\"https:\/\/www.linkedin.com\/company\/straitly-legal\">https:\/\/www.linkedin.com\/company\/straitly-legal<\/a><\/p>\n<p>[\/et_pb_text][\/et_pb_column][\/et_pb_row][\/et_pb_section]<\/p>\n","protected":false},"excerpt":{"rendered":"<p>Information in accordance with Section 5 German Digital Services Act (DDG) straitly.legalAttorney-at-Law (Rechtsanwalt, Germany)Pascal Brinkmann, LL.B. (London), LL.M. (Stellenbosch)Mendelssohnstra\u00dfe 28, 40233 D\u00fcsseldorf, Germany Phone: +49 160 4018169Email: brinkmann@straitly.legal Professional liability insurance for lawyers is provided by Allianz Versicherungs-AG, 10900 Berlin.The insurance cover meets at least the requirements of Section 51 of the German Federal Lawyers\u2019 [&hellip;]<\/p>\n","protected":false},"author":1,"featured_media":0,"parent":0,"menu_order":0,"comment_status":"closed","ping_status":"closed","template":"","meta":{"_et_pb_use_builder":"on","_et_pb_old_content":"","_et_gb_content_width":"","footnotes":""},"class_list":["post-2882","page","type-page","status-publish","hentry"],"yoast_head":"<!-- This site is optimized with the Yoast SEO plugin v26.6 - https:\/\/yoast.com\/wordpress\/plugins\/seo\/ -->\n<title>Imprint - straitly.legal \u2013 Deutsche Kanzlei f\u00fcr Gesellschaftsrecht, Arbeitsrecht &amp; Immigration in ASEAN<\/title>\n<meta name=\"description\" content=\"traitly.legal ber\u00e4t deutsche und europ\u00e4ische Unternehmen bei Investitionen in Malaysia, Singapur, Thailand und S\u00fcdostasien \u2013 sowie asiatische Firmen beim Markteintritt in Deutschland. Gesellschaftsrecht, Arbeitsrecht, Immigration &amp; Compliance.\" \/>\n<meta name=\"robots\" content=\"index, follow, max-snippet:-1, max-image-preview:large, max-video-preview:-1\" \/>\n<link rel=\"canonical\" href=\"https:\/\/straitly.legal\/en\/imprint\/\" \/>\n<meta property=\"og:locale\" content=\"en_US\" \/>\n<meta property=\"og:type\" content=\"article\" \/>\n<meta property=\"og:title\" content=\"Imprint - straitly.legal \u2013 Deutsche Kanzlei f\u00fcr Gesellschaftsrecht, Arbeitsrecht &amp; Immigration in ASEAN\" \/>\n<meta property=\"og:description\" content=\"traitly.legal ber\u00e4t deutsche und europ\u00e4ische Unternehmen bei Investitionen in Malaysia, Singapur, Thailand und S\u00fcdostasien \u2013 sowie asiatische Firmen beim Markteintritt in Deutschland. Gesellschaftsrecht, Arbeitsrecht, Immigration &amp; Compliance.\" \/>\n<meta property=\"og:url\" content=\"https:\/\/straitly.legal\/en\/imprint\/\" \/>\n<meta property=\"og:site_name\" content=\"straitly.legal \u2013 Deutsche Kanzlei f\u00fcr Gesellschaftsrecht, Arbeitsrecht &amp; Immigration in ASEAN\" \/>\n<meta property=\"article:modified_time\" content=\"2025-12-17T15:01:33+00:00\" \/>\n<meta name=\"twitter:card\" content=\"summary_large_image\" \/>\n<meta name=\"twitter:label1\" content=\"Est. reading time\" \/>\n\t<meta name=\"twitter:data1\" content=\"5 minutes\" \/>\n<script type=\"application\/ld+json\" class=\"yoast-schema-graph\">{\"@context\":\"https:\/\/schema.org\",\"@graph\":[{\"@type\":\"WebPage\",\"@id\":\"https:\/\/straitly.legal\/en\/imprint\/\",\"url\":\"https:\/\/straitly.legal\/en\/imprint\/\",\"name\":\"Imprint - straitly.legal \u2013 Deutsche Kanzlei f\u00fcr Gesellschaftsrecht, Arbeitsrecht &amp; Immigration in ASEAN\",\"isPartOf\":{\"@id\":\"https:\/\/straitly.legal\/en\/#website\"},\"datePublished\":\"2025-11-26T10:40:25+00:00\",\"dateModified\":\"2025-12-17T15:01:33+00:00\",\"description\":\"traitly.legal ber\u00e4t deutsche und europ\u00e4ische Unternehmen bei Investitionen in Malaysia, Singapur, Thailand und S\u00fcdostasien \u2013 sowie asiatische Firmen beim Markteintritt in Deutschland. Gesellschaftsrecht, Arbeitsrecht, Immigration & Compliance.\",\"breadcrumb\":{\"@id\":\"https:\/\/straitly.legal\/en\/imprint\/#breadcrumb\"},\"inLanguage\":\"en-US\",\"potentialAction\":[{\"@type\":\"ReadAction\",\"target\":[\"https:\/\/straitly.legal\/en\/imprint\/\"]}]},{\"@type\":\"BreadcrumbList\",\"@id\":\"https:\/\/straitly.legal\/en\/imprint\/#breadcrumb\",\"itemListElement\":[{\"@type\":\"ListItem\",\"position\":1,\"name\":\"Startseite\",\"item\":\"https:\/\/straitly.legal\/en\/\"},{\"@type\":\"ListItem\",\"position\":2,\"name\":\"Imprint\"}]},{\"@type\":\"WebSite\",\"@id\":\"https:\/\/straitly.legal\/en\/#website\",\"url\":\"https:\/\/straitly.legal\/en\/\",\"name\":\"straitly.legal \u2013 Deutsche Kanzlei f\u00fcr Gesellschaftsrecht, Arbeitsrecht & Immigration in ASEAN\",\"description\":\"\",\"potentialAction\":[{\"@type\":\"SearchAction\",\"target\":{\"@type\":\"EntryPoint\",\"urlTemplate\":\"https:\/\/straitly.legal\/en\/?s={search_term_string}\"},\"query-input\":{\"@type\":\"PropertyValueSpecification\",\"valueRequired\":true,\"valueName\":\"search_term_string\"}}],\"inLanguage\":\"en-US\"}]}<\/script>\n<!-- \/ Yoast SEO plugin. -->","yoast_head_json":{"title":"Imprint - straitly.legal \u2013 Deutsche Kanzlei f\u00fcr Gesellschaftsrecht, Arbeitsrecht &amp; Immigration in ASEAN","description":"traitly.legal ber\u00e4t deutsche und europ\u00e4ische Unternehmen bei Investitionen in Malaysia, Singapur, Thailand und S\u00fcdostasien \u2013 sowie asiatische Firmen beim Markteintritt in Deutschland. Gesellschaftsrecht, Arbeitsrecht, Immigration & Compliance.","robots":{"index":"index","follow":"follow","max-snippet":"max-snippet:-1","max-image-preview":"max-image-preview:large","max-video-preview":"max-video-preview:-1"},"canonical":"https:\/\/straitly.legal\/en\/imprint\/","og_locale":"en_US","og_type":"article","og_title":"Imprint - straitly.legal \u2013 Deutsche Kanzlei f\u00fcr Gesellschaftsrecht, Arbeitsrecht &amp; Immigration in ASEAN","og_description":"traitly.legal ber\u00e4t deutsche und europ\u00e4ische Unternehmen bei Investitionen in Malaysia, Singapur, Thailand und S\u00fcdostasien \u2013 sowie asiatische Firmen beim Markteintritt in Deutschland. Gesellschaftsrecht, Arbeitsrecht, Immigration & Compliance.","og_url":"https:\/\/straitly.legal\/en\/imprint\/","og_site_name":"straitly.legal \u2013 Deutsche Kanzlei f\u00fcr Gesellschaftsrecht, Arbeitsrecht &amp; Immigration in ASEAN","article_modified_time":"2025-12-17T15:01:33+00:00","twitter_card":"summary_large_image","twitter_misc":{"Est. reading time":"5 minutes"},"schema":{"@context":"https:\/\/schema.org","@graph":[{"@type":"WebPage","@id":"https:\/\/straitly.legal\/en\/imprint\/","url":"https:\/\/straitly.legal\/en\/imprint\/","name":"Imprint - straitly.legal \u2013 Deutsche Kanzlei f\u00fcr Gesellschaftsrecht, Arbeitsrecht &amp; Immigration in ASEAN","isPartOf":{"@id":"https:\/\/straitly.legal\/en\/#website"},"datePublished":"2025-11-26T10:40:25+00:00","dateModified":"2025-12-17T15:01:33+00:00","description":"traitly.legal ber\u00e4t deutsche und europ\u00e4ische Unternehmen bei Investitionen in Malaysia, Singapur, Thailand und S\u00fcdostasien \u2013 sowie asiatische Firmen beim Markteintritt in Deutschland. Gesellschaftsrecht, Arbeitsrecht, Immigration & Compliance.","breadcrumb":{"@id":"https:\/\/straitly.legal\/en\/imprint\/#breadcrumb"},"inLanguage":"en-US","potentialAction":[{"@type":"ReadAction","target":["https:\/\/straitly.legal\/en\/imprint\/"]}]},{"@type":"BreadcrumbList","@id":"https:\/\/straitly.legal\/en\/imprint\/#breadcrumb","itemListElement":[{"@type":"ListItem","position":1,"name":"Startseite","item":"https:\/\/straitly.legal\/en\/"},{"@type":"ListItem","position":2,"name":"Imprint"}]},{"@type":"WebSite","@id":"https:\/\/straitly.legal\/en\/#website","url":"https:\/\/straitly.legal\/en\/","name":"straitly.legal \u2013 Deutsche Kanzlei f\u00fcr Gesellschaftsrecht, Arbeitsrecht & Immigration in ASEAN","description":"","potentialAction":[{"@type":"SearchAction","target":{"@type":"EntryPoint","urlTemplate":"https:\/\/straitly.legal\/en\/?s={search_term_string}"},"query-input":{"@type":"PropertyValueSpecification","valueRequired":true,"valueName":"search_term_string"}}],"inLanguage":"en-US"}]}},"_links":{"self":[{"href":"https:\/\/straitly.legal\/en\/wp-json\/wp\/v2\/pages\/2882","targetHints":{"allow":["GET"]}}],"collection":[{"href":"https:\/\/straitly.legal\/en\/wp-json\/wp\/v2\/pages"}],"about":[{"href":"https:\/\/straitly.legal\/en\/wp-json\/wp\/v2\/types\/page"}],"author":[{"embeddable":true,"href":"https:\/\/straitly.legal\/en\/wp-json\/wp\/v2\/users\/1"}],"replies":[{"embeddable":true,"href":"https:\/\/straitly.legal\/en\/wp-json\/wp\/v2\/comments?post=2882"}],"version-history":[{"count":16,"href":"https:\/\/straitly.legal\/en\/wp-json\/wp\/v2\/pages\/2882\/revisions"}],"predecessor-version":[{"id":3745,"href":"https:\/\/straitly.legal\/en\/wp-json\/wp\/v2\/pages\/2882\/revisions\/3745"}],"wp:attachment":[{"href":"https:\/\/straitly.legal\/en\/wp-json\/wp\/v2\/media?parent=2882"}],"curies":[{"name":"wp","href":"https:\/\/api.w.org\/{rel}","templated":true}]}}