{"id":3122,"date":"2025-12-08T14:14:13","date_gmt":"2025-12-08T14:14:13","guid":{"rendered":"https:\/\/straitly.legal\/mission\/"},"modified":"2025-12-17T15:03:44","modified_gmt":"2025-12-17T15:03:44","slug":"mission","status":"publish","type":"page","link":"https:\/\/straitly.legal\/en\/mission\/","title":{"rendered":"Mission"},"content":{"rendered":"<p>[et_pb_section fb_built=&#8221;1&#8243; admin_label=&#8221;Section&#8221; _builder_version=&#8221;4.27.4&#8243; _module_preset=&#8221;default&#8221; background_image=&#8221;https:\/\/straitly.legal\/wp-content\/uploads\/2025\/11\/sl-header-ueber-A-1920&#215;640-1.jpg&#8221; height=&#8221;550px&#8221; height_tablet=&#8221;540px&#8221; height_phone=&#8221;360px&#8221; height_last_edited=&#8221;on|phone&#8221; custom_padding=&#8221;0px||0px||false|false&#8221; da_disable_devices=&#8221;off|off|off&#8221; locked=&#8221;off&#8221; global_colors_info=&#8221;{}&#8221; da_is_popup=&#8221;off&#8221; da_exit_intent=&#8221;off&#8221; da_has_close=&#8221;on&#8221; da_alt_close=&#8221;off&#8221; da_dark_close=&#8221;off&#8221; da_not_modal=&#8221;on&#8221; da_is_singular=&#8221;off&#8221; da_with_loader=&#8221;off&#8221; da_has_shadow=&#8221;on&#8221;][et_pb_row _builder_version=&#8221;4.27.4&#8243; _module_preset=&#8221;default&#8221; height=&#8221;550px&#8221; custom_margin=&#8221;0px||0px||false|false&#8221; custom_padding=&#8221;||||false|false&#8221; global_colors_info=&#8221;{}&#8221;][et_pb_column type=&#8221;4_4&#8243; _builder_version=&#8221;4.27.4&#8243; _module_preset=&#8221;default&#8221; global_colors_info=&#8221;{}&#8221;][et_pb_image src=&#8221;https:\/\/straitly.legal\/wp-content\/uploads\/2025\/11\/sl-icon-H-500-W-3.png&#8221; title_text=&#8221;sl-icon-H-500-W-3&#8243; _builder_version=&#8221;4.27.4&#8243; _module_preset=&#8221;default&#8221; width=&#8221;500px&#8221; width_tablet=&#8221;80%&#8221; width_phone=&#8221;100%&#8221; width_last_edited=&#8221;on|phone&#8221; max_width=&#8221;100%&#8221; module_alignment=&#8221;center&#8221; custom_margin=&#8221;20px||20px||true|false&#8221; custom_padding=&#8221;||||false|false&#8221; global_colors_info=&#8221;{}&#8221;][\/et_pb_image][\/et_pb_column][\/et_pb_row][\/et_pb_section][et_pb_section fb_built=&#8221;1&#8243; admin_label=&#8221;Section&#8221; _builder_version=&#8221;4.27.4&#8243; _module_preset=&#8221;default&#8221; custom_padding=&#8221;100px||75px||false|false&#8221; hover_enabled=&#8221;0&#8243; da_popup_slug=&#8221;mission&#8221; da_disable_devices=&#8221;off|off|off&#8221; locked=&#8221;off&#8221; global_colors_info=&#8221;{}&#8221; sticky_enabled=&#8221;0&#8243; da_is_popup=&#8221;off&#8221; da_exit_intent=&#8221;off&#8221; da_has_close=&#8221;on&#8221; da_alt_close=&#8221;off&#8221; da_dark_close=&#8221;off&#8221; da_not_modal=&#8221;on&#8221; da_is_singular=&#8221;off&#8221; da_with_loader=&#8221;off&#8221; da_has_shadow=&#8221;on&#8221;][et_pb_row _builder_version=&#8221;4.27.4&#8243; _module_preset=&#8221;default&#8221; width_tablet=&#8221;&#8221; width_phone=&#8221;&#8221; width_last_edited=&#8221;on|phone&#8221; custom_margin_tablet=&#8221;&#8221; custom_margin_phone=&#8221;&#8221; custom_margin_last_edited=&#8221;on|phone&#8221; custom_padding=&#8221;0px||||false|false&#8221; global_colors_info=&#8221;{}&#8221;][et_pb_column type=&#8221;4_4&#8243; _builder_version=&#8221;4.27.4&#8243; _module_preset=&#8221;default&#8221; global_colors_info=&#8221;{}&#8221;][et_pb_heading title=&#8221;Mission&#8221; _builder_version=&#8221;4.27.4&#8243; _module_preset=&#8221;default&#8221; title_level=&#8221;h2&#8243; title_font=&#8221;|600||on|||||&#8221; title_font_size=&#8221;24px&#8221; title_letter_spacing=&#8221;8px&#8221; title_font_size_tablet=&#8221;22px&#8221; title_font_size_phone=&#8221;20px&#8221; title_font_size_last_edited=&#8221;on|tablet&#8221; locked=&#8221;off&#8221; global_colors_info=&#8221;{}&#8221;][\/et_pb_heading][et_pb_heading title=&#8221;Connecting Europe and ASEAN&#8221; _builder_version=&#8221;4.27.4&#8243; _module_preset=&#8221;default&#8221; title_font=&#8221;|700|||||||&#8221; title_font_size=&#8221;60px&#8221; animation_style=&#8221;slide&#8221; animation_direction=&#8221;bottom&#8221; title_font_size_tablet=&#8221;45px&#8221; title_font_size_phone=&#8221;35px&#8221; title_font_size_last_edited=&#8221;on|tablet&#8221; global_colors_info=&#8221;{}&#8221;][\/et_pb_heading][\/et_pb_column][\/et_pb_row][et_pb_row _builder_version=&#8221;4.27.4&#8243; _module_preset=&#8221;default&#8221; width_tablet=&#8221;&#8221; width_phone=&#8221;&#8221; width_last_edited=&#8221;on|phone&#8221; custom_margin=&#8221;|auto|-1px|auto||&#8221; custom_padding=&#8221;25px||||false|false&#8221; global_colors_info=&#8221;{}&#8221;][et_pb_column type=&#8221;4_4&#8243; _builder_version=&#8221;4.27.4&#8243; _module_preset=&#8221;default&#8221; global_colors_info=&#8221;{}&#8221;][et_pb_text _builder_version=&#8221;4.27.4&#8243; _module_preset=&#8221;default&#8221; text_font_size_tablet=&#8221;18px&#8221; text_font_size_phone=&#8221;17px&#8221; text_font_size_last_edited=&#8221;on|tablet&#8221; text_line_height_tablet=&#8221;1.6em&#8221; text_line_height_phone=&#8221;1.5em&#8221; text_line_height_last_edited=&#8221;on|phone&#8221; global_colors_info=&#8221;{}&#8221;]<\/p>\n<p><strong>straitly.legal focuses on one thing: ASEAN \u2013 inbound and outbound. We advise companies that operate between Europe and Southeast Asia, whether they are building a presence, making investments, or managing their ongoing operations. <\/strong><\/p>\n<p>This is not a side topic for us \u2013 it has been the core of our work for many years. Our advisers have lived, studied, and worked in both regions. We have seen first-hand the potential that emerges when stability and experience meet dynamism and growth. <\/p>\n<p>Over the years, we have supported companies from a wide range of jurisdictions in both regions. Whether for a small sales office or a large manufacturing plant, we guide our clients through the entire lifecycle of their investment \u2013 from incorporation and day-to-day operations through to exit. <\/p>\n<p>We understand the concerns and expectations German clients have when entering ASEAN markets \u2013 and the challenges Asian investors often face when coming to Germany.<\/p>\n<p>We know which legal and regulatory issues matter to investors in Europe and Asia, which structures work in practice, and where difficulties typically arise. And we know how things work on the ground: what can be implemented quickly and smoothly, and where caution and careful timing are essential. In short, we know both worlds \u2013 Europe and Southeast Asia.<\/p>\n<p>With this dual perspective, we see ourselves as a bridge between the two economic regions. We translate different legal systems, ways of thinking, and expectations into structures and solutions that enable entrepreneurial success. <\/p>\n<p>[\/et_pb_text][\/et_pb_column][\/et_pb_row][et_pb_row _builder_version=&#8221;4.27.4&#8243; _module_preset=&#8221;default&#8221; locked=&#8221;off&#8221; hover_enabled=&#8221;0&#8243; sticky_enabled=&#8221;0&#8243;][et_pb_column _builder_version=&#8221;4.27.4&#8243; _module_preset=&#8221;default&#8221; type=&#8221;4_4&#8243;][et_pb_button button_url=&#8221;https:\/\/straitly.legal\/en\/about\/&#8221; button_text=&#8221;Back to overview&#8221; button_alignment=&#8221;center&#8221; _builder_version=&#8221;4.27.4&#8243; _module_preset=&#8221;default&#8221; custom_button=&#8221;on&#8221; button_text_size=&#8221;22px&#8221; button_text_color=&#8221;#FFFFFF&#8221; button_bg_color=&#8221;#000000&#8243; button_border_width=&#8221;0px&#8221; button_border_radius=&#8221;0px&#8221; animation_style=&#8221;slide&#8221; animation_direction=&#8221;bottom&#8221; animation_delay=&#8221;350ms&#8221; hover_enabled=&#8221;0&#8243; button_text_size_tablet=&#8221;18px&#8221; button_text_size_phone=&#8221;17px&#8221; button_text_size_last_edited=&#8221;on|phone&#8221; global_colors_info=&#8221;{}&#8221; locked=&#8221;off&#8221; sticky_enabled=&#8221;0&#8243; custom_margin=&#8221;50px||||false|false&#8221;][\/et_pb_button][\/et_pb_column][\/et_pb_row][\/et_pb_section]<\/p>\n","protected":false},"excerpt":{"rendered":"<p>straitly.legal focuses on one thing: ASEAN \u2013 inbound and outbound. We advise companies that operate between Europe and Southeast Asia, whether they are building a presence, making investments, or managing their ongoing operations. This is not a side topic for us \u2013 it has been the core of our work for many years. Our advisers [&hellip;]<\/p>\n","protected":false},"author":1,"featured_media":0,"parent":0,"menu_order":0,"comment_status":"closed","ping_status":"closed","template":"","meta":{"_et_pb_use_builder":"on","_et_pb_old_content":"","_et_gb_content_width":"","footnotes":""},"class_list":["post-3122","page","type-page","status-publish","hentry"],"yoast_head":"<!-- This site is optimized with the Yoast SEO plugin v26.6 - https:\/\/yoast.com\/wordpress\/plugins\/seo\/ -->\n<title>Mission - straitly.legal \u2013 Deutsche Kanzlei f\u00fcr Gesellschaftsrecht, Arbeitsrecht &amp; Immigration in ASEAN<\/title>\n<meta name=\"description\" content=\"traitly.legal ber\u00e4t deutsche und europ\u00e4ische Unternehmen bei Investitionen in Malaysia, Singapur, Thailand und S\u00fcdostasien \u2013 sowie asiatische Firmen beim Markteintritt in Deutschland. Gesellschaftsrecht, Arbeitsrecht, Immigration &amp; Compliance.\" \/>\n<meta name=\"robots\" content=\"index, follow, max-snippet:-1, max-image-preview:large, max-video-preview:-1\" \/>\n<link rel=\"canonical\" href=\"https:\/\/straitly.legal\/en\/mission\/\" \/>\n<meta property=\"og:locale\" content=\"en_US\" \/>\n<meta property=\"og:type\" content=\"article\" \/>\n<meta property=\"og:title\" content=\"Mission - straitly.legal \u2013 Deutsche Kanzlei f\u00fcr Gesellschaftsrecht, Arbeitsrecht &amp; Immigration in ASEAN\" \/>\n<meta property=\"og:description\" content=\"traitly.legal ber\u00e4t deutsche und europ\u00e4ische Unternehmen bei Investitionen in Malaysia, Singapur, Thailand und S\u00fcdostasien \u2013 sowie asiatische Firmen beim Markteintritt in Deutschland. Gesellschaftsrecht, Arbeitsrecht, Immigration &amp; Compliance.\" \/>\n<meta property=\"og:url\" content=\"https:\/\/straitly.legal\/en\/mission\/\" \/>\n<meta property=\"og:site_name\" content=\"straitly.legal \u2013 Deutsche Kanzlei f\u00fcr Gesellschaftsrecht, Arbeitsrecht &amp; Immigration in ASEAN\" \/>\n<meta property=\"article:modified_time\" content=\"2025-12-17T15:03:44+00:00\" \/>\n<meta name=\"twitter:card\" content=\"summary_large_image\" \/>\n<meta name=\"twitter:label1\" content=\"Est. reading time\" \/>\n\t<meta name=\"twitter:data1\" content=\"4 minutes\" \/>\n<script type=\"application\/ld+json\" class=\"yoast-schema-graph\">{\"@context\":\"https:\/\/schema.org\",\"@graph\":[{\"@type\":\"WebPage\",\"@id\":\"https:\/\/straitly.legal\/en\/mission\/\",\"url\":\"https:\/\/straitly.legal\/en\/mission\/\",\"name\":\"Mission - straitly.legal \u2013 Deutsche Kanzlei f\u00fcr Gesellschaftsrecht, Arbeitsrecht &amp; Immigration in ASEAN\",\"isPartOf\":{\"@id\":\"https:\/\/straitly.legal\/en\/#website\"},\"datePublished\":\"2025-12-08T14:14:13+00:00\",\"dateModified\":\"2025-12-17T15:03:44+00:00\",\"description\":\"traitly.legal ber\u00e4t deutsche und europ\u00e4ische Unternehmen bei Investitionen in Malaysia, Singapur, Thailand und S\u00fcdostasien \u2013 sowie asiatische Firmen beim Markteintritt in Deutschland. Gesellschaftsrecht, Arbeitsrecht, Immigration & Compliance.\",\"breadcrumb\":{\"@id\":\"https:\/\/straitly.legal\/en\/mission\/#breadcrumb\"},\"inLanguage\":\"en-US\",\"potentialAction\":[{\"@type\":\"ReadAction\",\"target\":[\"https:\/\/straitly.legal\/en\/mission\/\"]}]},{\"@type\":\"BreadcrumbList\",\"@id\":\"https:\/\/straitly.legal\/en\/mission\/#breadcrumb\",\"itemListElement\":[{\"@type\":\"ListItem\",\"position\":1,\"name\":\"Startseite\",\"item\":\"https:\/\/straitly.legal\/en\/\"},{\"@type\":\"ListItem\",\"position\":2,\"name\":\"Mission\"}]},{\"@type\":\"WebSite\",\"@id\":\"https:\/\/straitly.legal\/en\/#website\",\"url\":\"https:\/\/straitly.legal\/en\/\",\"name\":\"straitly.legal \u2013 Deutsche Kanzlei f\u00fcr Gesellschaftsrecht, Arbeitsrecht & Immigration in ASEAN\",\"description\":\"\",\"potentialAction\":[{\"@type\":\"SearchAction\",\"target\":{\"@type\":\"EntryPoint\",\"urlTemplate\":\"https:\/\/straitly.legal\/en\/?s={search_term_string}\"},\"query-input\":{\"@type\":\"PropertyValueSpecification\",\"valueRequired\":true,\"valueName\":\"search_term_string\"}}],\"inLanguage\":\"en-US\"}]}<\/script>\n<!-- \/ Yoast SEO plugin. -->","yoast_head_json":{"title":"Mission - straitly.legal \u2013 Deutsche Kanzlei f\u00fcr Gesellschaftsrecht, Arbeitsrecht &amp; Immigration in ASEAN","description":"traitly.legal ber\u00e4t deutsche und europ\u00e4ische Unternehmen bei Investitionen in Malaysia, Singapur, Thailand und S\u00fcdostasien \u2013 sowie asiatische Firmen beim Markteintritt in Deutschland. Gesellschaftsrecht, Arbeitsrecht, Immigration & Compliance.","robots":{"index":"index","follow":"follow","max-snippet":"max-snippet:-1","max-image-preview":"max-image-preview:large","max-video-preview":"max-video-preview:-1"},"canonical":"https:\/\/straitly.legal\/en\/mission\/","og_locale":"en_US","og_type":"article","og_title":"Mission - straitly.legal \u2013 Deutsche Kanzlei f\u00fcr Gesellschaftsrecht, Arbeitsrecht &amp; Immigration in ASEAN","og_description":"traitly.legal ber\u00e4t deutsche und europ\u00e4ische Unternehmen bei Investitionen in Malaysia, Singapur, Thailand und S\u00fcdostasien \u2013 sowie asiatische Firmen beim Markteintritt in Deutschland. Gesellschaftsrecht, Arbeitsrecht, Immigration & Compliance.","og_url":"https:\/\/straitly.legal\/en\/mission\/","og_site_name":"straitly.legal \u2013 Deutsche Kanzlei f\u00fcr Gesellschaftsrecht, Arbeitsrecht &amp; Immigration in ASEAN","article_modified_time":"2025-12-17T15:03:44+00:00","twitter_card":"summary_large_image","twitter_misc":{"Est. reading time":"4 minutes"},"schema":{"@context":"https:\/\/schema.org","@graph":[{"@type":"WebPage","@id":"https:\/\/straitly.legal\/en\/mission\/","url":"https:\/\/straitly.legal\/en\/mission\/","name":"Mission - straitly.legal \u2013 Deutsche Kanzlei f\u00fcr Gesellschaftsrecht, Arbeitsrecht &amp; Immigration in ASEAN","isPartOf":{"@id":"https:\/\/straitly.legal\/en\/#website"},"datePublished":"2025-12-08T14:14:13+00:00","dateModified":"2025-12-17T15:03:44+00:00","description":"traitly.legal ber\u00e4t deutsche und europ\u00e4ische Unternehmen bei Investitionen in Malaysia, Singapur, Thailand und S\u00fcdostasien \u2013 sowie asiatische Firmen beim Markteintritt in Deutschland. Gesellschaftsrecht, Arbeitsrecht, Immigration & Compliance.","breadcrumb":{"@id":"https:\/\/straitly.legal\/en\/mission\/#breadcrumb"},"inLanguage":"en-US","potentialAction":[{"@type":"ReadAction","target":["https:\/\/straitly.legal\/en\/mission\/"]}]},{"@type":"BreadcrumbList","@id":"https:\/\/straitly.legal\/en\/mission\/#breadcrumb","itemListElement":[{"@type":"ListItem","position":1,"name":"Startseite","item":"https:\/\/straitly.legal\/en\/"},{"@type":"ListItem","position":2,"name":"Mission"}]},{"@type":"WebSite","@id":"https:\/\/straitly.legal\/en\/#website","url":"https:\/\/straitly.legal\/en\/","name":"straitly.legal \u2013 Deutsche Kanzlei f\u00fcr Gesellschaftsrecht, Arbeitsrecht & Immigration in ASEAN","description":"","potentialAction":[{"@type":"SearchAction","target":{"@type":"EntryPoint","urlTemplate":"https:\/\/straitly.legal\/en\/?s={search_term_string}"},"query-input":{"@type":"PropertyValueSpecification","valueRequired":true,"valueName":"search_term_string"}}],"inLanguage":"en-US"}]}},"_links":{"self":[{"href":"https:\/\/straitly.legal\/en\/wp-json\/wp\/v2\/pages\/3122","targetHints":{"allow":["GET"]}}],"collection":[{"href":"https:\/\/straitly.legal\/en\/wp-json\/wp\/v2\/pages"}],"about":[{"href":"https:\/\/straitly.legal\/en\/wp-json\/wp\/v2\/types\/page"}],"author":[{"embeddable":true,"href":"https:\/\/straitly.legal\/en\/wp-json\/wp\/v2\/users\/1"}],"replies":[{"embeddable":true,"href":"https:\/\/straitly.legal\/en\/wp-json\/wp\/v2\/comments?post=3122"}],"version-history":[{"count":8,"href":"https:\/\/straitly.legal\/en\/wp-json\/wp\/v2\/pages\/3122\/revisions"}],"predecessor-version":[{"id":3761,"href":"https:\/\/straitly.legal\/en\/wp-json\/wp\/v2\/pages\/3122\/revisions\/3761"}],"wp:attachment":[{"href":"https:\/\/straitly.legal\/en\/wp-json\/wp\/v2\/media?parent=3122"}],"curies":[{"name":"wp","href":"https:\/\/api.w.org\/{rel}","templated":true}]}}