{"id":3125,"date":"2025-12-08T15:32:25","date_gmt":"2025-12-08T15:32:25","guid":{"rendered":"https:\/\/straitly.legal\/network\/"},"modified":"2025-12-17T15:07:11","modified_gmt":"2025-12-17T15:07:11","slug":"network","status":"publish","type":"page","link":"https:\/\/straitly.legal\/en\/network\/","title":{"rendered":"Network"},"content":{"rendered":"<p>[et_pb_section fb_built=&#8221;1&#8243; admin_label=&#8221;Section&#8221; _builder_version=&#8221;4.27.4&#8243; _module_preset=&#8221;default&#8221; background_image=&#8221;https:\/\/straitly.legal\/wp-content\/uploads\/2025\/11\/sl-header-Kontakt-A-1920&#215;640-1.jpg&#8221; height=&#8221;550px&#8221; height_tablet=&#8221;540px&#8221; height_phone=&#8221;360px&#8221; height_last_edited=&#8221;on|phone&#8221; custom_padding=&#8221;0px||0px||false|false&#8221; da_disable_devices=&#8221;off|off|off&#8221; locked=&#8221;off&#8221; global_colors_info=&#8221;{}&#8221; da_is_popup=&#8221;off&#8221; da_exit_intent=&#8221;off&#8221; da_has_close=&#8221;on&#8221; da_alt_close=&#8221;off&#8221; da_dark_close=&#8221;off&#8221; da_not_modal=&#8221;on&#8221; da_is_singular=&#8221;off&#8221; da_with_loader=&#8221;off&#8221; da_has_shadow=&#8221;on&#8221;][et_pb_row _builder_version=&#8221;4.27.4&#8243; _module_preset=&#8221;default&#8221; height=&#8221;550px&#8221; custom_margin=&#8221;0px||0px||false|false&#8221; custom_padding=&#8221;||||false|false&#8221; global_colors_info=&#8221;{}&#8221;][et_pb_column type=&#8221;4_4&#8243; _builder_version=&#8221;4.27.4&#8243; _module_preset=&#8221;default&#8221; global_colors_info=&#8221;{}&#8221;][et_pb_image src=&#8221;https:\/\/straitly.legal\/wp-content\/uploads\/2025\/12\/sl-icon-K-500-W-2.png&#8221; title_text=&#8221;sl-icon-K-500-W-2&#8243; _builder_version=&#8221;4.27.4&#8243; _module_preset=&#8221;default&#8221; width=&#8221;500px&#8221; width_tablet=&#8221;80%&#8221; width_phone=&#8221;100%&#8221; width_last_edited=&#8221;on|phone&#8221; max_width=&#8221;100%&#8221; module_alignment=&#8221;center&#8221; custom_margin=&#8221;20px||20px||true|false&#8221; custom_padding=&#8221;||||false|false&#8221; global_colors_info=&#8221;{}&#8221;][\/et_pb_image][\/et_pb_column][\/et_pb_row][\/et_pb_section][et_pb_section fb_built=&#8221;1&#8243; admin_label=&#8221;Section&#8221; _builder_version=&#8221;4.27.4&#8243; _module_preset=&#8221;default&#8221; custom_padding=&#8221;100px||75px||false|false&#8221; da_popup_slug=&#8221;netzwerk&#8221; da_disable_devices=&#8221;off|off|off&#8221; locked=&#8221;off&#8221; global_colors_info=&#8221;{}&#8221; da_is_popup=&#8221;off&#8221; da_exit_intent=&#8221;off&#8221; da_has_close=&#8221;on&#8221; da_alt_close=&#8221;off&#8221; da_dark_close=&#8221;off&#8221; da_not_modal=&#8221;on&#8221; da_is_singular=&#8221;off&#8221; da_with_loader=&#8221;off&#8221; da_has_shadow=&#8221;on&#8221;][et_pb_row _builder_version=&#8221;4.27.4&#8243; _module_preset=&#8221;default&#8221; width_tablet=&#8221;&#8221; width_phone=&#8221;&#8221; width_last_edited=&#8221;on|phone&#8221; custom_margin_tablet=&#8221;&#8221; custom_margin_phone=&#8221;&#8221; custom_margin_last_edited=&#8221;on|phone&#8221; custom_padding=&#8221;0px||||false|false&#8221; global_colors_info=&#8221;{}&#8221;][et_pb_column type=&#8221;4_4&#8243; _builder_version=&#8221;4.27.4&#8243; _module_preset=&#8221;default&#8221; global_colors_info=&#8221;{}&#8221;][et_pb_heading title=&#8221;Network&#8221; _builder_version=&#8221;4.27.4&#8243; _module_preset=&#8221;default&#8221; title_level=&#8221;h2&#8243; title_font=&#8221;|600||on|||||&#8221; title_font_size=&#8221;24px&#8221; title_letter_spacing=&#8221;8px&#8221; title_font_size_tablet=&#8221;22px&#8221; title_font_size_phone=&#8221;20px&#8221; title_font_size_last_edited=&#8221;on|tablet&#8221; locked=&#8221;off&#8221; global_colors_info=&#8221;{}&#8221;][\/et_pb_heading][et_pb_heading title=&#8221;Strong alone. Unstoppable together. &#8221; _builder_version=&#8221;4.27.4&#8243; _module_preset=&#8221;default&#8221; title_font=&#8221;|700|||||||&#8221; title_font_size=&#8221;60px&#8221; animation_style=&#8221;slide&#8221; animation_direction=&#8221;bottom&#8221; hover_enabled=&#8221;0&#8243; title_font_size_tablet=&#8221;45px&#8221; title_font_size_phone=&#8221;35px&#8221; title_font_size_last_edited=&#8221;on|tablet&#8221; global_colors_info=&#8221;{}&#8221; sticky_enabled=&#8221;0&#8243;][\/et_pb_heading][\/et_pb_column][\/et_pb_row][et_pb_row _builder_version=&#8221;4.27.4&#8243; _module_preset=&#8221;default&#8221; width_tablet=&#8221;&#8221; width_phone=&#8221;&#8221; width_last_edited=&#8221;on|phone&#8221; custom_margin=&#8221;|auto|-1px|auto||&#8221; custom_padding=&#8221;25px||||false|false&#8221; global_colors_info=&#8221;{}&#8221;][et_pb_column type=&#8221;4_4&#8243; _builder_version=&#8221;4.27.4&#8243; _module_preset=&#8221;default&#8221; global_colors_info=&#8221;{}&#8221;][et_pb_text _builder_version=&#8221;4.27.4&#8243; _module_preset=&#8221;default&#8221; text_font_size_tablet=&#8221;18px&#8221; text_font_size_phone=&#8221;17px&#8221; text_font_size_last_edited=&#8221;on|tablet&#8221; text_line_height_tablet=&#8221;1.6em&#8221; text_line_height_phone=&#8221;1.5em&#8221; text_line_height_last_edited=&#8221;on|phone&#8221; custom_css_free_form=&#8221;\/*collpse and set the height of the toggle text*\/||.pa-toggle-text-2 .et_pb_text_inner {||\tmax-height: 275px;||\ttransition: max-height 0.3s ease-out;||\toverflow: hidden;||}||||\/*add gradient to the collapsed text*\/||.pa-toggle-text-2 .et_pb_text_inner:after {||\tcontent: %22%22;||\tdisplay: inline-block;||\tposition: absolute;||\tpointer-events: none;||\theight: 100px;||\twidth: 100%;||\tleft: 0;||\tright: 0;||\tbottom: 0;||\tbackground-image: linear-gradient(0deg, #fff 10%, transparent);||}||||\/*style the expand text link*\/||.pa-toggle-text-2 .pa-text-expand-button {||\tpadding: 0.5em;||\ttext-align: center;||\tcolor: #824bff !important;||        font-weight: bold;||}||||\/*change the curor to a pointed when hovering over the expand text link*\/||.pa-toggle-text-2 .pa-text-expand-button span {||\tcursor: pointer;||}||||\/*define the font family for the toggle icon*\/||.pa-toggle-text-2 .pa-text-expand-button .pa-text-toggle-icon {||\tfont-family: ETMODULES, %22sans-serif%22;||}||||\/*set the max height and transition of the expanded toggle*\/||.pa-toggle-text-2 .pa-text-toggle-expanded {||\tmax-height: 2000px;||\ttransition: max-height 0.3s ease-in;||}||||\/*hide the gradient when the toggle is expanded*\/||.pa-toggle-text-2 .pa-text-toggle-expanded.et_pb_text_inner:after {||\tbackground: none;||}&#8221; global_colors_info=&#8221;{}&#8221;]<\/p>\n<p><strong>straitly.legal provides comprehensive legal support across ASEAN and in Germany. But we do not work in isolation. We rely on a handpicked network of trusted partners. <\/strong><\/p>\n<p>We are not part of a global alliance that dictates local partners. Instead, we work with people we know and trust: like-minded lawyers \u2013 former colleagues and senior practitioners who trained in international law firms and now run successful boutiques of their own. Exactly the combination that defines us: <strong>Big Law quality. Boutique agility.<\/strong>   <\/p>\n<p>We know every partner in our network personally and have handled complex, cross-border matters together for years. This is why we can take on demanding regional projects, deliver specialist expertise, and coordinate litigation in ASEAN and Germany \u2013 centrally supervised, locally executed. <\/p>\n<p>And through all of this, we remain what sets us apart: fast, focused, cost-efficient. Because it makes a difference when people know exactly what they are doing \u2013 and when responsibility does not get lost in large, anonymous structures. <\/p>\n<p>[\/et_pb_text][\/et_pb_column][\/et_pb_row][et_pb_row _builder_version=&#8221;4.27.4&#8243; _module_preset=&#8221;default&#8221; locked=&#8221;off&#8221; global_colors_info=&#8221;{}&#8221;][et_pb_column type=&#8221;4_4&#8243; _builder_version=&#8221;4.27.4&#8243; _module_preset=&#8221;default&#8221; global_colors_info=&#8221;{}&#8221;][et_pb_button button_url=&#8221;https:\/\/straitly.legal\/en\/about\/&#8221; button_text=&#8221;Back to overview&#8221; button_alignment=&#8221;center&#8221; _builder_version=&#8221;4.27.4&#8243; _module_preset=&#8221;default&#8221; custom_button=&#8221;on&#8221; button_text_size=&#8221;22px&#8221; button_text_color=&#8221;#FFFFFF&#8221; button_bg_color=&#8221;#000000&#8243; button_border_width=&#8221;0px&#8221; button_border_radius=&#8221;0px&#8221; custom_margin=&#8221;50px||||false|false&#8221; animation_style=&#8221;slide&#8221; animation_direction=&#8221;bottom&#8221; animation_delay=&#8221;350ms&#8221; button_text_size_tablet=&#8221;18px&#8221; button_text_size_phone=&#8221;17px&#8221; button_text_size_last_edited=&#8221;on|phone&#8221; locked=&#8221;off&#8221; global_colors_info=&#8221;{}&#8221;][\/et_pb_button][\/et_pb_column][\/et_pb_row][\/et_pb_section][et_pb_section fb_built=&#8221;1&#8243; admin_label=&#8221;Section&#8221; _builder_version=&#8221;4.27.4&#8243; _module_preset=&#8221;default&#8221; background_color=&#8221;#824BFF&#8221; da_disable_devices=&#8221;off|off|off&#8221; locked=&#8221;off&#8221; global_colors_info=&#8221;{}&#8221; da_is_popup=&#8221;off&#8221; da_exit_intent=&#8221;off&#8221; da_has_close=&#8221;on&#8221; da_alt_close=&#8221;off&#8221; da_dark_close=&#8221;off&#8221; da_not_modal=&#8221;on&#8221; da_is_singular=&#8221;off&#8221; da_with_loader=&#8221;off&#8221; da_has_shadow=&#8221;on&#8221;][et_pb_row column_structure=&#8221;1_2,1_2&#8243; _builder_version=&#8221;4.27.4&#8243; _module_preset=&#8221;default&#8221; global_colors_info=&#8221;{}&#8221;][et_pb_column type=&#8221;1_2&#8243; _builder_version=&#8221;4.27.4&#8243; _module_preset=&#8221;default&#8221; global_colors_info=&#8221;{}&#8221;][et_pb_heading title=&#8221;You can conveniently book an appointment here:&#8221; _builder_version=&#8221;4.27.4&#8243; _module_preset=&#8221;default&#8221; title_level=&#8221;h2&#8243; title_font=&#8221;|700|||||||&#8221; title_font_size=&#8221;36px&#8221; title_line_height=&#8221;1.2em&#8221; custom_margin=&#8221;||||false|false&#8221; custom_padding=&#8221;||||false|false&#8221; animation_style=&#8221;slide&#8221; animation_direction=&#8221;bottom&#8221; title_font_size_tablet=&#8221;32px&#8221; title_font_size_phone=&#8221;22px&#8221; title_font_size_last_edited=&#8221;on|phone&#8221; title_line_height_tablet=&#8221;1.2em&#8221; title_line_height_phone=&#8221;&#8221; title_line_height_last_edited=&#8221;on|phone&#8221; global_colors_info=&#8221;{}&#8221;][\/et_pb_heading][\/et_pb_column][et_pb_column type=&#8221;1_2&#8243; _builder_version=&#8221;4.27.4&#8243; _module_preset=&#8221;default&#8221; global_colors_info=&#8221;{}&#8221;][et_pb_button button_url=&#8221;https:\/\/zeeg.me\/pascal-brinkmann\/meeting-invitation&#8221; url_new_window=&#8221;on&#8221; button_text=&#8221;Book an appointment now&#8221; button_alignment=&#8221;left&#8221; _builder_version=&#8221;4.27.4&#8243; _module_preset=&#8221;default&#8221; custom_button=&#8221;on&#8221; custom_margin=&#8221;10px||||false|false&#8221; custom_padding=&#8221;||||false|false&#8221; animation_style=&#8221;slide&#8221; animation_direction=&#8221;bottom&#8221; animation_delay=&#8221;500ms&#8221; button_text_size_tablet=&#8221;&#8221; button_text_size_phone=&#8221;17px&#8221; button_text_size_last_edited=&#8221;on|phone&#8221; global_colors_info=&#8221;{}&#8221;][\/et_pb_button][\/et_pb_column][\/et_pb_row][\/et_pb_section]<\/p>\n","protected":false},"excerpt":{"rendered":"<p>straitly.legal provides comprehensive legal support across ASEAN and in Germany. But we do not work in isolation. We rely on a handpicked network of trusted partners. We are not part of a global alliance that dictates local partners. Instead, we work with people we know and trust: like-minded lawyers \u2013 former colleagues and senior practitioners [&hellip;]<\/p>\n","protected":false},"author":1,"featured_media":0,"parent":0,"menu_order":0,"comment_status":"closed","ping_status":"closed","template":"","meta":{"_et_pb_use_builder":"on","_et_pb_old_content":"","_et_gb_content_width":"","footnotes":""},"class_list":["post-3125","page","type-page","status-publish","hentry"],"yoast_head":"<!-- This site is optimized with the Yoast SEO plugin v26.6 - https:\/\/yoast.com\/wordpress\/plugins\/seo\/ -->\n<title>Network - straitly.legal \u2013 Deutsche Kanzlei f\u00fcr Gesellschaftsrecht, Arbeitsrecht &amp; Immigration in ASEAN<\/title>\n<meta name=\"description\" content=\"traitly.legal ber\u00e4t deutsche und europ\u00e4ische Unternehmen bei Investitionen in Malaysia, Singapur, Thailand und S\u00fcdostasien \u2013 sowie asiatische Firmen beim Markteintritt in Deutschland. Gesellschaftsrecht, Arbeitsrecht, Immigration &amp; Compliance.\" \/>\n<meta name=\"robots\" content=\"index, follow, max-snippet:-1, max-image-preview:large, max-video-preview:-1\" \/>\n<link rel=\"canonical\" href=\"https:\/\/straitly.legal\/en\/network\/\" \/>\n<meta property=\"og:locale\" content=\"en_US\" \/>\n<meta property=\"og:type\" content=\"article\" \/>\n<meta property=\"og:title\" content=\"Network - straitly.legal \u2013 Deutsche Kanzlei f\u00fcr Gesellschaftsrecht, Arbeitsrecht &amp; Immigration in ASEAN\" \/>\n<meta property=\"og:description\" content=\"traitly.legal ber\u00e4t deutsche und europ\u00e4ische Unternehmen bei Investitionen in Malaysia, Singapur, Thailand und S\u00fcdostasien \u2013 sowie asiatische Firmen beim Markteintritt in Deutschland. Gesellschaftsrecht, Arbeitsrecht, Immigration &amp; Compliance.\" \/>\n<meta property=\"og:url\" content=\"https:\/\/straitly.legal\/en\/network\/\" \/>\n<meta property=\"og:site_name\" content=\"straitly.legal \u2013 Deutsche Kanzlei f\u00fcr Gesellschaftsrecht, Arbeitsrecht &amp; Immigration in ASEAN\" \/>\n<meta property=\"article:modified_time\" content=\"2025-12-17T15:07:11+00:00\" \/>\n<meta name=\"twitter:card\" content=\"summary_large_image\" \/>\n<meta name=\"twitter:label1\" content=\"Est. reading time\" \/>\n\t<meta name=\"twitter:data1\" content=\"6 minutes\" \/>\n<script type=\"application\/ld+json\" class=\"yoast-schema-graph\">{\"@context\":\"https:\/\/schema.org\",\"@graph\":[{\"@type\":\"WebPage\",\"@id\":\"https:\/\/straitly.legal\/en\/network\/\",\"url\":\"https:\/\/straitly.legal\/en\/network\/\",\"name\":\"Network - straitly.legal \u2013 Deutsche Kanzlei f\u00fcr Gesellschaftsrecht, Arbeitsrecht &amp; Immigration in ASEAN\",\"isPartOf\":{\"@id\":\"https:\/\/straitly.legal\/en\/#website\"},\"datePublished\":\"2025-12-08T15:32:25+00:00\",\"dateModified\":\"2025-12-17T15:07:11+00:00\",\"description\":\"traitly.legal ber\u00e4t deutsche und europ\u00e4ische Unternehmen bei Investitionen in Malaysia, Singapur, Thailand und S\u00fcdostasien \u2013 sowie asiatische Firmen beim Markteintritt in Deutschland. Gesellschaftsrecht, Arbeitsrecht, Immigration & Compliance.\",\"breadcrumb\":{\"@id\":\"https:\/\/straitly.legal\/en\/network\/#breadcrumb\"},\"inLanguage\":\"en-US\",\"potentialAction\":[{\"@type\":\"ReadAction\",\"target\":[\"https:\/\/straitly.legal\/en\/network\/\"]}]},{\"@type\":\"BreadcrumbList\",\"@id\":\"https:\/\/straitly.legal\/en\/network\/#breadcrumb\",\"itemListElement\":[{\"@type\":\"ListItem\",\"position\":1,\"name\":\"Startseite\",\"item\":\"https:\/\/straitly.legal\/en\/\"},{\"@type\":\"ListItem\",\"position\":2,\"name\":\"Network\"}]},{\"@type\":\"WebSite\",\"@id\":\"https:\/\/straitly.legal\/en\/#website\",\"url\":\"https:\/\/straitly.legal\/en\/\",\"name\":\"straitly.legal \u2013 Deutsche Kanzlei f\u00fcr Gesellschaftsrecht, Arbeitsrecht & Immigration in ASEAN\",\"description\":\"\",\"potentialAction\":[{\"@type\":\"SearchAction\",\"target\":{\"@type\":\"EntryPoint\",\"urlTemplate\":\"https:\/\/straitly.legal\/en\/?s={search_term_string}\"},\"query-input\":{\"@type\":\"PropertyValueSpecification\",\"valueRequired\":true,\"valueName\":\"search_term_string\"}}],\"inLanguage\":\"en-US\"}]}<\/script>\n<!-- \/ Yoast SEO plugin. -->","yoast_head_json":{"title":"Network - straitly.legal \u2013 Deutsche Kanzlei f\u00fcr Gesellschaftsrecht, Arbeitsrecht &amp; Immigration in ASEAN","description":"traitly.legal ber\u00e4t deutsche und europ\u00e4ische Unternehmen bei Investitionen in Malaysia, Singapur, Thailand und S\u00fcdostasien \u2013 sowie asiatische Firmen beim Markteintritt in Deutschland. Gesellschaftsrecht, Arbeitsrecht, Immigration & Compliance.","robots":{"index":"index","follow":"follow","max-snippet":"max-snippet:-1","max-image-preview":"max-image-preview:large","max-video-preview":"max-video-preview:-1"},"canonical":"https:\/\/straitly.legal\/en\/network\/","og_locale":"en_US","og_type":"article","og_title":"Network - straitly.legal \u2013 Deutsche Kanzlei f\u00fcr Gesellschaftsrecht, Arbeitsrecht &amp; Immigration in ASEAN","og_description":"traitly.legal ber\u00e4t deutsche und europ\u00e4ische Unternehmen bei Investitionen in Malaysia, Singapur, Thailand und S\u00fcdostasien \u2013 sowie asiatische Firmen beim Markteintritt in Deutschland. Gesellschaftsrecht, Arbeitsrecht, Immigration & Compliance.","og_url":"https:\/\/straitly.legal\/en\/network\/","og_site_name":"straitly.legal \u2013 Deutsche Kanzlei f\u00fcr Gesellschaftsrecht, Arbeitsrecht &amp; Immigration in ASEAN","article_modified_time":"2025-12-17T15:07:11+00:00","twitter_card":"summary_large_image","twitter_misc":{"Est. reading time":"6 minutes"},"schema":{"@context":"https:\/\/schema.org","@graph":[{"@type":"WebPage","@id":"https:\/\/straitly.legal\/en\/network\/","url":"https:\/\/straitly.legal\/en\/network\/","name":"Network - straitly.legal \u2013 Deutsche Kanzlei f\u00fcr Gesellschaftsrecht, Arbeitsrecht &amp; Immigration in ASEAN","isPartOf":{"@id":"https:\/\/straitly.legal\/en\/#website"},"datePublished":"2025-12-08T15:32:25+00:00","dateModified":"2025-12-17T15:07:11+00:00","description":"traitly.legal ber\u00e4t deutsche und europ\u00e4ische Unternehmen bei Investitionen in Malaysia, Singapur, Thailand und S\u00fcdostasien \u2013 sowie asiatische Firmen beim Markteintritt in Deutschland. Gesellschaftsrecht, Arbeitsrecht, Immigration & Compliance.","breadcrumb":{"@id":"https:\/\/straitly.legal\/en\/network\/#breadcrumb"},"inLanguage":"en-US","potentialAction":[{"@type":"ReadAction","target":["https:\/\/straitly.legal\/en\/network\/"]}]},{"@type":"BreadcrumbList","@id":"https:\/\/straitly.legal\/en\/network\/#breadcrumb","itemListElement":[{"@type":"ListItem","position":1,"name":"Startseite","item":"https:\/\/straitly.legal\/en\/"},{"@type":"ListItem","position":2,"name":"Network"}]},{"@type":"WebSite","@id":"https:\/\/straitly.legal\/en\/#website","url":"https:\/\/straitly.legal\/en\/","name":"straitly.legal \u2013 Deutsche Kanzlei f\u00fcr Gesellschaftsrecht, Arbeitsrecht & Immigration in ASEAN","description":"","potentialAction":[{"@type":"SearchAction","target":{"@type":"EntryPoint","urlTemplate":"https:\/\/straitly.legal\/en\/?s={search_term_string}"},"query-input":{"@type":"PropertyValueSpecification","valueRequired":true,"valueName":"search_term_string"}}],"inLanguage":"en-US"}]}},"_links":{"self":[{"href":"https:\/\/straitly.legal\/en\/wp-json\/wp\/v2\/pages\/3125","targetHints":{"allow":["GET"]}}],"collection":[{"href":"https:\/\/straitly.legal\/en\/wp-json\/wp\/v2\/pages"}],"about":[{"href":"https:\/\/straitly.legal\/en\/wp-json\/wp\/v2\/types\/page"}],"author":[{"embeddable":true,"href":"https:\/\/straitly.legal\/en\/wp-json\/wp\/v2\/users\/1"}],"replies":[{"embeddable":true,"href":"https:\/\/straitly.legal\/en\/wp-json\/wp\/v2\/comments?post=3125"}],"version-history":[{"count":22,"href":"https:\/\/straitly.legal\/en\/wp-json\/wp\/v2\/pages\/3125\/revisions"}],"predecessor-version":[{"id":3770,"href":"https:\/\/straitly.legal\/en\/wp-json\/wp\/v2\/pages\/3125\/revisions\/3770"}],"wp:attachment":[{"href":"https:\/\/straitly.legal\/en\/wp-json\/wp\/v2\/media?parent=3125"}],"curies":[{"name":"wp","href":"https:\/\/api.w.org\/{rel}","templated":true}]}}